{"id":916,"date":"2024-09-05T13:29:51","date_gmt":"2024-09-05T13:29:51","guid":{"rendered":"https:\/\/neesanctuary.co.uk\/iletisime-gecin\/"},"modified":"2024-10-25T10:00:49","modified_gmt":"2024-10-25T10:00:49","slug":"iletisime-gecin","status":"publish","type":"page","link":"https:\/\/neesanctuary.co.uk\/tr\/iletisime-gecin\/","title":{"rendered":"\u0130leti\u015fime ge\u00e7in"},"content":{"rendered":"\n\n\t<section class=\"section norm-p\" id=\"section_1884766979\">\n\t\t<div class=\"section-bg fill\" >\n\t\t\t\t\t\t\t\t\t\n\t\t\t\n\n\t\t<\/div>\n\n\t\t\n\n\t\t<div class=\"section-content relative\">\n\t\t\t\n\n<div class=\"row\"  id=\"row-1335219289\">\n\n\n\t<div id=\"col-2138906279\" class=\"col small-12 large-12\"  >\n\t\t\t\t<div class=\"col-inner\"  >\n\t\t\t\n\t\t\t\n\n<h1 class=\"fs-48 fw-bo\">Nas\u0131l ileti\u015fime ge\u00e7ilir<\/h1>\n\n\t\t<\/div>\n\t\t\t\t\t<\/div>\n\n\t\n\n\t<div id=\"col-180963861\" class=\"col medium-6 small-12 large-6\"  >\n\t\t\t\t<div class=\"col-inner\"  >\n\t\t\t\n\t\t\t\n\n\n\n<div class=\"rd-iconbox flex--jc-s\">\n<i class=\"phone-icon dark ml--10\"><\/i>\n<p class=\"fs-34 fw-bl\"><a href=\"tel:+443003309492\" class=\"no-underline\">0300 330 9492<\/a><\/p>\n<\/div>\n\n\t<div id=\"gap-1300321557\" class=\"gap-element clearfix\" style=\"display:block; height:auto;\">\n\t\t\n<style>\n#gap-1300321557 {\n  padding-top: 20px;\n}\n<\/style>\n\t<\/div>\n\t\n\n\n\n<div class=\"rd-iconbox flex--jc-s\">\n<i class=\"email-icon dark\"><\/i>\n<p class=\"fs-21 fw-bo\"><a href=\"mailto:neesanc@mnessexmind.org\" class=\"no-underline\">neesanc@mnessexmind.org<\/a><\/p>\n<\/div>\n\n\t<div id=\"gap-1172821889\" class=\"gap-element clearfix\" style=\"display:block; height:auto;\">\n\t\t\n<style>\n#gap-1172821889 {\n  padding-top: 30px;\n}\n<\/style>\n\t<\/div>\n\t\n\n\t<div id=\"text-2102559450\" class=\"text max--w-280\">\n\t\t\n\n<p class=\"fw-bo mb--10\">\n<p>0300 330 9492 numaral\u0131 telefonu aray\u0131n<br> E-posta neesanc@mnessexmind.org<\/p>\n\t\t\t<\/div>\n\t\n\t<div id=\"gap-414129907\" class=\"gap-element clearfix\" style=\"display:block; height:auto;\">\n\t\t\n<style>\n#gap-414129907 {\n  padding-top: 20px;\n}\n<\/style>\n\t<\/div>\n\t\n\n<div class=\"accordion\">\n\n\t<div id=\"accordion-3877886253\" class=\"accordion-item\">\n\t\t<a id=\"accordion-3877886253-label\" class=\"accordion-title plain\" href=\"#accordion-item-colchester-merkezi\" aria-expanded=\"false\" aria-controls=\"accordion-3877886253-content\" >\n\t\t\t<button class=\"toggle\" aria-label=\"A\u00e7\/Kapat\"><i class=\"icon-angle-down\"><\/i><\/button>\n\t\t\t<span>Colchester Merkezi<\/span>\n\t\t<\/a>\n\t\t<div id=\"accordion-3877886253-content\" class=\"accordion-inner\" aria-labelledby=\"accordion-3877886253-label\" >\n\t\t\t\n\n<p>The Haven<br>10 St. Peters Court<br>Colchester<br>Essex<br>CO1 1WD<\/p>\n<p>Sabah 10&#8217;dan ak\u015fam 11&#8217;e kadar a\u00e7\u0131\u011f\u0131z.<br>  Son y\u00fcz y\u00fcze ziyaret saatinin ak\u015fam 9 oldu\u011funu l\u00fctfen unutmay\u0131n.<\/p>\n\n\t\t<\/div>\n\t<\/div>\n\t\n\t<div id=\"accordion-1824901145\" class=\"accordion-item\">\n\t\t<a id=\"accordion-1824901145-label\" class=\"accordion-title plain\" href=\"#accordion-item-clacton-hub\" aria-expanded=\"false\" aria-controls=\"accordion-1824901145-content\" >\n\t\t\t<button class=\"toggle\" aria-label=\"A\u00e7\/Kapat\"><i class=\"icon-angle-down\"><\/i><\/button>\n\t\t\t<span>Clacton Hub<\/span>\n\t\t<\/a>\n\t\t<div id=\"accordion-1824901145-content\" class=\"accordion-inner\" aria-labelledby=\"accordion-1824901145-label\" >\n\t\t\t\n\n<p>The Mill<br> 355-359 Old Road<br> Clacton-on-Sea<br> Essex<br> CO15 3RQ<\/p>\n<p>Sabah 10&#8217;dan ak\u015fam 11&#8217;e kadar a\u00e7\u0131\u011f\u0131z.<br>  Son y\u00fcz y\u00fcze ziyaret saatinin ak\u015fam 9 oldu\u011funu l\u00fctfen unutmay\u0131n.<\/p>\n\n\t\t<\/div>\n\t<\/div>\n\t\n\n<\/div>\n<div class=\"row\"  id=\"row-1849703798\">\n\n\n\t<div id=\"col-1800209671\" class=\"col small-12 large-12\"  >\n\t\t\t\t<div class=\"col-inner\"  >\n\t\t\t\n\t\t\t\n\n\t<div id=\"gap-902457599\" class=\"gap-element clearfix\" style=\"display:block; height:auto;\">\n\t\t\n<style>\n#gap-902457599 {\n  padding-top: 30px;\n}\n<\/style>\n\t<\/div>\n\t\n\n\n\n\r\n            \r\n            \r\n            \r\n            <a name='map1'><\/a>\r\n            \r\n            \r\n            \r\n            \r\n            <div class=\"wpgmza_map \"  id=\"wpgmza_map_1\" style=\"display:block; overflow:auto; width:100%; height:600px; float:left;\" data-settings='{\"id\":\"1\",\"map_title\":\"My first map\",\"map_width\":\"100\",\"map_height\":\"600\",\"map_start_lat\":\"51.882909274356585\",\"map_start_lng\":\"1.0437297438040227\",\"map_start_location\":\"45.950464398418106,-109.81550500000003\",\"map_start_zoom\":\"11\",\"default_marker\":\"{\\\"url\\\":\\\"\\\/\\\/mindsanctuary.reach.ninja\\\/wp-content\\\/uploads\\\/2024\\\/09\\\/Map-Icon-3.png\\\",\\\"retina\\\":true}\",\"type\":\"1\",\"alignment\":\"4\",\"directions_enabled\":\"0\",\"styling_enabled\":\"0\",\"styling_json\":\"\",\"active\":\"0\",\"kml\":\"\",\"bicycle\":\"0\",\"traffic\":\"0\",\"dbox\":\"1\",\"dbox_width\":\"\",\"listmarkers\":\"0\",\"listmarkers_advanced\":\"0\",\"filterbycat\":\"0\",\"ugm_enabled\":\"0\",\"ugm_category_enabled\":\"0\",\"fusion\":\"\",\"map_width_type\":\"%\",\"map_height_type\":\"px\",\"mass_marker_support\":\"0\",\"ugm_access\":\"0\",\"order_markers_by\":\"1\",\"order_markers_choice\":\"1\",\"show_user_location\":\"0\",\"default_to\":\"\",\"other_settings\":{\"map_type\":1,\"sl_stroke_color\":\"#000000\",\"sl_fill_color\":\"#000000\",\"sl_stroke_opacity\":\"\",\"sl_fill_opacity\":\"\",\"transport_layer\":false,\"action\":\"wpgmza_save_map\",\"redirect_to\":\"\\\/wp-admin\\\/admin-post.php\",\"map_id\":\"1\",\"wpgmza_savemap\":\"Save Map \\u00bb\",\"http_referer\":\"\\\/wp-admin\\\/admin.php?page=wp-google-maps-menu&amp;amp;action=edit&amp;amp;map_id=1\",\"wpgmza_id\":\"1\",\"wpgmza_start_location\":\"51.882909274356585,1.0437297438040227\",\"wpgmza_start_zoom\":\"11\",\"wpgmza_map_align\":\"1\",\"store_locator_enabled\":false,\"store_locator_distance\":false,\"store_locator_search_area\":\"radial\",\"wpgmza_store_locator_default_radius\":\"10\",\"store_locator_auto_area_max_zoom\":\"\",\"wpgmza_store_locator_radius_style\":\"legacy\",\"store_locator_component_anchor\":\"0\",\"wpgmza_store_locator_bounce\":false,\"wpgmza_sl_animation\":\"0\",\"store_locator_query_string\":\"\",\"store_locator_location_placeholder\":\"\",\"store_locator_default_address\":\"\",\"store_locator_name_search\":false,\"store_locator_name_string\":\"\",\"store_locator_not_found_message\":\"\",\"store_locator_show_distance\":false,\"store_locator_category\":false,\"wpgmza_store_locator_use_their_location\":false,\"wpgmza_store_locator_hide_before_search\":false,\"store_locator_nearby_searches\":false,\"wpgmza_ol_tile_filter\":\"contrast(100%)\",\"wpgmza_theme_data\":\"[\\r\\n    {\\r\\n        \\\"featureType\\\": \\\"all\\\",\\r\\n        \\\"elementType\\\": \\\"geometry.fill\\\",\\r\\n        \\\"stylers\\\": [\\r\\n            {\\r\\n                \\\"weight\\\": \\\"2.00\\\"\\r\\n            }\\r\\n        ]\\r\\n    },\\r\\n    {\\r\\n        \\\"featureType\\\": \\\"all\\\",\\r\\n        \\\"elementType\\\": \\\"geometry.stroke\\\",\\r\\n        \\\"stylers\\\": [\\r\\n            {\\r\\n                \\\"color\\\": \\\"#9c9c9c\\\"\\r\\n            }\\r\\n        ]\\r\\n    },\\r\\n    {\\r\\n        \\\"featureType\\\": \\\"all\\\",\\r\\n        \\\"elementType\\\": \\\"labels.text\\\",\\r\\n        \\\"stylers\\\": [\\r\\n            {\\r\\n                \\\"visibility\\\": \\\"on\\\"\\r\\n            },\\r\\n            {\\r\\n                \\\"lightness\\\": \\\"-1\\\"\\r\\n            },\\r\\n            {\\r\\n                \\\"color\\\": \\\"#3f7b82\\\"\\r\\n            }\\r\\n        ]\\r\\n    },\\r\\n    {\\r\\n        \\\"featureType\\\": \\\"all\\\",\\r\\n        \\\"elementType\\\": \\\"labels.text.fill\\\",\\r\\n        \\\"stylers\\\": [\\r\\n            {\\r\\n                \\\"color\\\": \\\"#3f7b82\\\"\\r\\n            }\\r\\n        ]\\r\\n    },\\r\\n    {\\r\\n        \\\"featureType\\\": \\\"all\\\",\\r\\n        \\\"elementType\\\": \\\"labels.text.stroke\\\",\\r\\n        \\\"stylers\\\": [\\r\\n            {\\r\\n                \\\"color\\\": \\\"#f9f9f9\\\"\\r\\n            }\\r\\n        ]\\r\\n    },\\r\\n    {\\r\\n        \\\"featureType\\\": \\\"landscape\\\",\\r\\n        \\\"elementType\\\": \\\"all\\\",\\r\\n        \\\"stylers\\\": [\\r\\n            {\\r\\n                \\\"color\\\": \\\"#e1f1ce\\\"\\r\\n            }\\r\\n        ]\\r\\n    },\\r\\n    {\\r\\n        \\\"featureType\\\": \\\"landscape\\\",\\r\\n        \\\"elementType\\\": \\\"geometry.fill\\\",\\r\\n        \\\"stylers\\\": [\\r\\n            {\\r\\n                \\\"color\\\": \\\"#e1f1ce\\\"\\r\\n            }\\r\\n        ]\\r\\n    },\\r\\n    {\\r\\n        \\\"featureType\\\": \\\"landscape.man_made\\\",\\r\\n        \\\"elementType\\\": \\\"geometry.fill\\\",\\r\\n        \\\"stylers\\\": [\\r\\n            {\\r\\n                \\\"color\\\": \\\"#ffffff\\\"\\r\\n            }\\r\\n        ]\\r\\n    },\\r\\n    {\\r\\n        \\\"featureType\\\": \\\"poi\\\",\\r\\n        \\\"elementType\\\": \\\"all\\\",\\r\\n        \\\"stylers\\\": [\\r\\n            {\\r\\n                \\\"visibility\\\": \\\"off\\\"\\r\\n            }\\r\\n        ]\\r\\n    },\\r\\n    {\\r\\n        \\\"featureType\\\": \\\"road\\\",\\r\\n        \\\"elementType\\\": \\\"all\\\",\\r\\n        \\\"stylers\\\": [\\r\\n            {\\r\\n                \\\"saturation\\\": -100\\r\\n            },\\r\\n            {\\r\\n                \\\"lightness\\\": 45\\r\\n            }\\r\\n        ]\\r\\n    },\\r\\n    {\\r\\n        \\\"featureType\\\": \\\"road\\\",\\r\\n        \\\"elementType\\\": \\\"geometry.fill\\\",\\r\\n        \\\"stylers\\\": [\\r\\n            {\\r\\n                \\\"color\\\": \\\"#8bc3b9\\\"\\r\\n            }\\r\\n        ]\\r\\n    },\\r\\n    {\\r\\n        \\\"featureType\\\": \\\"road\\\",\\r\\n        \\\"elementType\\\": \\\"labels.text.fill\\\",\\r\\n        \\\"stylers\\\": [\\r\\n            {\\r\\n                \\\"color\\\": \\\"#3f7b82\\\"\\r\\n            }\\r\\n        ]\\r\\n    },\\r\\n    {\\r\\n        \\\"featureType\\\": \\\"road\\\",\\r\\n        \\\"elementType\\\": \\\"labels.text.stroke\\\",\\r\\n        \\\"stylers\\\": [\\r\\n            {\\r\\n                \\\"color\\\": \\\"#ffffff\\\"\\r\\n            }\\r\\n        ]\\r\\n    },\\r\\n    {\\r\\n        \\\"featureType\\\": \\\"road.highway\\\",\\r\\n        \\\"elementType\\\": \\\"all\\\",\\r\\n        \\\"stylers\\\": [\\r\\n            {\\r\\n                \\\"visibility\\\": \\\"simplified\\\"\\r\\n            }\\r\\n        ]\\r\\n    },\\r\\n    {\\r\\n        \\\"featureType\\\": \\\"road.arterial\\\",\\r\\n        \\\"elementType\\\": \\\"geometry.fill\\\",\\r\\n        \\\"stylers\\\": [\\r\\n            {\\r\\n                \\\"color\\\": \\\"#fab7a5\\\"\\r\\n            }\\r\\n        ]\\r\\n    },\\r\\n    {\\r\\n        \\\"featureType\\\": \\\"road.arterial\\\",\\r\\n        \\\"elementType\\\": \\\"labels.icon\\\",\\r\\n        \\\"stylers\\\": [\\r\\n            {\\r\\n                \\\"visibility\\\": \\\"off\\\"\\r\\n            }\\r\\n        ]\\r\\n    },\\r\\n    {\\r\\n        \\\"featureType\\\": \\\"transit\\\",\\r\\n        \\\"elementType\\\": \\\"all\\\",\\r\\n        \\\"stylers\\\": [\\r\\n            {\\r\\n                \\\"visibility\\\": \\\"off\\\"\\r\\n            }\\r\\n        ]\\r\\n    },\\r\\n    {\\r\\n        \\\"featureType\\\": \\\"water\\\",\\r\\n        \\\"elementType\\\": \\\"all\\\",\\r\\n        \\\"stylers\\\": [\\r\\n            {\\r\\n                \\\"color\\\": \\\"#3f7b82\\\"\\r\\n            },\\r\\n            {\\r\\n                \\\"visibility\\\": \\\"on\\\"\\r\\n            }\\r\\n        ]\\r\\n    },\\r\\n    {\\r\\n        \\\"featureType\\\": \\\"water\\\",\\r\\n        \\\"elementType\\\": \\\"geometry.fill\\\",\\r\\n        \\\"stylers\\\": [\\r\\n            {\\r\\n                \\\"color\\\": \\\"#8bc3b9\\\"\\r\\n            }\\r\\n        ]\\r\\n    },\\r\\n    {\\r\\n        \\\"featureType\\\": \\\"water\\\",\\r\\n        \\\"elementType\\\": \\\"labels.text.fill\\\",\\r\\n        \\\"stylers\\\": [\\r\\n            {\\r\\n                \\\"color\\\": \\\"#ffffff\\\"\\r\\n            }\\r\\n        ]\\r\\n    },\\r\\n    {\\r\\n        \\\"featureType\\\": \\\"water\\\",\\r\\n        \\\"elementType\\\": \\\"labels.text.stroke\\\",\\r\\n        \\\"stylers\\\": [\\r\\n            {\\r\\n                \\\"hue\\\": \\\"#ff0000\\\"\\r\\n            }\\r\\n        ]\\r\\n    }\\r\\n]\",\"custom_tile_enabled\":false,\"custom_tile_image\":\"\",\"custom_tile_image_width\":\"\",\"custom_tile_image_height\":\"\",\"custom_tile_image_attribution\":\"\",\"iw_primary_color\":\"#000000\",\"iw_accent_color\":\"#000000\",\"iw_text_color\":\"#000000\",\"close_infowindow_on_map_click\":false,\"marker_share_links\":false,\"wpgmza_listmarkers_by\":\"0\",\"marker_listing_component_anchor\":null,\"marker_listing_component_auto_open\":false,\"dataTable_pagination_style\":\"default\",\"category_filter_component_anchor\":null,\"zoom_level_on_marker_listing_override\":false,\"zoom_level_on_marker_listing_click\":\"\",\"marker_listing_disable_zoom\":false,\"datatable_no_result_message\":\"\",\"remove_search_box_datables\":false,\"datatable_search_string\":\"\",\"datatable_result_start\":\"\",\"datatable_result_of\":\"\",\"datatable_result_to\":\"\",\"datatable_result_total\":\"\",\"datatable_result_show\":\"\",\"datatable_result_entries\":\"\",\"category_legends_enabled\":false,\"category_legends_component_anchor\":null,\"jump_to_nearest_marker_on_initialization\":false,\"click_open_link\":false,\"wpgmza_zoom_on_marker_click\":false,\"wpgmza_zoom_on_marker_click_slider\":\"\",\"enable_marker_labels\":false,\"polygon_labels\":false,\"disable_polygon_info_windows\":false,\"fit_maps_bounds_to_markers\":false,\"fit_maps_bounds_to_markers_after_filtering\":false,\"automatically_pan_to_users_location\":false,\"override_users_location_zoom_level\":false,\"override_users_location_zoom_levels\":\"\",\"show_distance_from_location\":false,\"map_starts_in_streetview\":false,\"map_starts_in_streetview_location\":\"\",\"map_starts_in_streetview_heading\":\"\",\"map_starts_in_streetview_pitch\":\"\",\"map_max_zoom\":\"21\",\"map_min_zoom\":\"0\",\"zoom_level_mobile_override_enabled\":false,\"zoom_level_mobile_override\":\"\",\"hide_point_of_interest\":false,\"disable_lightbox_images\":false,\"use_Raw_Jpeg_Coordinates\":false,\"enable_marker_ratings\":false,\"only_load_markers_within_viewport\":false,\"wpgmza_store_locator_position\":false,\"wpgmza_marker_listing_position\":false,\"wpgmza_push_in_map\":false,\"wpgmza_push_in_map_placement\":\"1\",\"wpgmza_push_in_map_width\":\"\",\"wpgmza_push_in_map_height\":\"\",\"shortcodeAttributes\":{\"id\":\"1\"},\"wpgmza_dbox_width_type\":\"%\",\"default_from\":\"\",\"directions_behaviour\":\"default\",\"force_google_directions_app\":false,\"directions_route_origin_icon\":\"https:\\\/\\\/mindsanctuary.reach.ninja\\\/wp-content\\\/plugins\\\/wp-google-maps\\\/images\\\/spotlight-poi3.png\",\"directions_origin_retina\":false,\"directions_route_destination_icon\":\"https:\\\/\\\/mindsanctuary.reach.ninja\\\/wp-content\\\/plugins\\\/wp-google-maps\\\/images\\\/spotlight-poi3.png\",\"directions_destination_retina\":false,\"directions_route_stroke_color\":\"#4f8df5\",\"directions_route_stroke_weight\":\"4\",\"directions_route_stroke_opacity\":\"0.8\",\"directions_fit_bounds_to_route\":false,\"wpgmza_store_locator_restrict\":\"\",\"upload_default_sl_marker\":\"\",\"upload_default_sl_marker_retina\":false,\"retina\":true,\"upload_default_ul_marker\":\"\",\"upload_default_ul_marker_retina\":false,\"enable_advanced_custom_fields_integration\":false,\"enable_advanced_custom_fields_integration_type\":\"\",\"enable_toolset_woocommerce_integration\":false,\"enable_woo_product_integration\":false}}' data-map-id='1' data-shortcode-attributes='{\"id\":\"1\"}'> <\/div>\r\n            \r\n               \r\n        \n\n\n\t\t<\/div>\n\t\t\t\t\t<\/div>\n\n\t\n\n<\/div>\n\n\t\t<\/div>\n\t\t\t\t\t<\/div>\n\n\t\n\n\t<div id=\"col-550563064\" class=\"col medium-6 small-12 large-6\"  >\n\t\t\t\t<div class=\"col-inner\"  >\n\t\t\t\n\t\t\t\n\n\n<div class=\"wpcf7 no-js\" id=\"wpcf7-f513-o1\" lang=\"en-US\" dir=\"ltr\" data-wpcf7-id=\"513\">\n<div class=\"screen-reader-response\"><p role=\"status\" aria-live=\"polite\" aria-atomic=\"true\"><\/p> <ul><\/ul><\/div>\n<form action=\"\/tr\/wp-json\/wp\/v2\/pages\/916#wpcf7-f513-o1\" method=\"post\" class=\"wpcf7-form init\" aria-label=\"Contact form\" novalidate=\"novalidate\" data-status=\"init\">\n<fieldset class=\"hidden-fields-container\"><input type=\"hidden\" name=\"_wpcf7\" value=\"513\" \/><input type=\"hidden\" name=\"_wpcf7_version\" value=\"6.1.5\" \/><input type=\"hidden\" name=\"_wpcf7_locale\" value=\"en_US\" \/><input type=\"hidden\" name=\"_wpcf7_unit_tag\" value=\"wpcf7-f513-o1\" \/><input type=\"hidden\" name=\"_wpcf7_container_post\" value=\"0\" \/><input type=\"hidden\" name=\"_wpcf7_posted_data_hash\" value=\"\" \/>\n<\/fieldset>\n<div class=\"rd-form contact-page\">\n\n    <h3 class=\"fs-32 fw-bo mb--30\">Or fill out the form below<\/h3>\n\n    <div class=\"form-row\">\n        <label>First name <span class=\"wpcf7-form-control-wrap\" data-name=\"firstname\"><input size=\"40\" maxlength=\"400\" class=\"wpcf7-form-control wpcf7-text wpcf7-validates-as-required\" aria-required=\"true\" aria-invalid=\"false\" value=\"\" type=\"text\" name=\"firstname\" \/><\/span><\/label>\n        <label>Last name <span class=\"wpcf7-form-control-wrap\" data-name=\"lastname\"><input size=\"40\" maxlength=\"400\" class=\"wpcf7-form-control wpcf7-text wpcf7-validates-as-required\" aria-required=\"true\" aria-invalid=\"false\" value=\"\" type=\"text\" name=\"lastname\" \/><\/span><\/label>\n    <\/div>\n\n    <label>Email Address <span class=\"wpcf7-form-control-wrap\" data-name=\"email\"><input size=\"40\" maxlength=\"400\" class=\"wpcf7-form-control wpcf7-email wpcf7-validates-as-required wpcf7-text wpcf7-validates-as-email\" aria-required=\"true\" aria-invalid=\"false\" value=\"\" type=\"email\" name=\"email\" \/><\/span><\/label>\n\n    <div class=\"form-block small-textarea\">\n        <p class=\"fw-bo mb--10\">How Did You Hear About Us?<\/p>\n        <label>Select an option:<\/label>\n        <span class=\"wpcf7-form-control-wrap\" data-name=\"how-heard\"><select class=\"wpcf7-form-control wpcf7-select wpcf7-validates-as-required\" aria-required=\"true\" aria-invalid=\"false\" name=\"how-heard\"><option value=\"Google Search\">Google Search<\/option><option value=\"Social Media\">Social Media<\/option><option value=\"Word of Mouth\">Word of Mouth<\/option><option value=\"GP \/ Healthcare Professional\">GP \/ Healthcare Professional<\/option><option value=\"Employer \/ Workplace Referral\">Employer \/ Workplace Referral<\/option><option value=\"School \/ College \/ University\">School \/ College \/ University<\/option><option value=\"Community Organisation \/ Support Group\">Community Organisation \/ Support Group<\/option><option value=\"Online Advertisement\">Online Advertisement<\/option><option value=\"Email Newsletter\">Email Newsletter<\/option><option value=\"Local Event \/ Charity Fundraiser\">Local Event \/ Charity Fundraiser<\/option><option value=\"News Article \/ Press Coverage\">News Article \/ Press Coverage<\/option><option value=\"Other (please specify below)\">Other (please specify below)<\/option><\/select><\/span>\n\n        <label>If Other, please specify:<\/label>\n        <span class=\"wpcf7-form-control-wrap\" data-name=\"other-source\"><input size=\"40\" maxlength=\"400\" class=\"wpcf7-form-control wpcf7-text\" aria-invalid=\"false\" placeholder=\"Enter your answer if you selected &#039;Other&#039;\" value=\"\" type=\"text\" name=\"other-source\" \/><\/span>\n    <\/div>\n\n    <label>Message (optional) <span class=\"wpcf7-form-control-wrap\" data-name=\"message\"><textarea cols=\"40\" rows=\"10\" maxlength=\"2000\" class=\"wpcf7-form-control wpcf7-textarea\" aria-invalid=\"false\" name=\"message\"><\/textarea><\/span><\/label>\n\n    <div class=\"submit-container\">\n        <input class=\"wpcf7-form-control wpcf7-submit has-spinner\" type=\"submit\" value=\"Submit form\" \/>\n    <\/div>\n\n<\/div><div class=\"wpcf7-response-output\" aria-hidden=\"true\"><\/div>\n<\/form>\n<\/div>\n\n\n\n\t\t<\/div>\n\t\t\t\t\t<\/div>\n\n\t\n\n<\/div>\n<div class=\"row\"  id=\"row-170595624\">\n\n\n<\/div>\n\t<div id=\"gap-1216867816\" class=\"gap-element clearfix small-top-p\" style=\"display:block; height:auto;\">\n\t\t\n<style>\n#gap-1216867816 {\n  padding-top: 0px;\n}\n<\/style>\n\t<\/div>\n\t\n\n<div class=\"row\"  id=\"row-184387400\">\n\n\n\t<div id=\"col-453401729\" class=\"col pb--0 small-12 large-12\"  >\n\t\t\t\t<div class=\"col-inner\"  >\n\t\t\t\n\t\t\t\n\n\n  <div class=\"banner has-hover\" id=\"banner-1236414023\">\n          <div class=\"banner-inner fill\">\n        <div class=\"banner-bg fill\" >\n            <img loading=\"lazy\" decoding=\"async\" width=\"1920\" height=\"1080\" src=\"https:\/\/neesanctuary.co.uk\/wp-content\/uploads\/2024\/09\/North-East-Essex-Sanctuary.webp\" class=\"bg attachment-original size-original\" alt=\"North East Essex Sanctuary\" \/>                        <div class=\"overlay\"><\/div>            \n                    <\/div>\n\t\t\n        <div class=\"banner-layers container\">\n            <div class=\"fill banner-link\"><\/div>            \n\n   <div id=\"text-box-563946143\" class=\"text-box banner-layer max--w-700 max--w-center x50 md-x50 lg-x50 y50 md-y50 lg-y50 res-text\">\n                                <div class=\"text-box-content text dark\">\n              \n              <div class=\"text-inner text-center\">\n                  \n\n\t<div id=\"gap-1903313490\" class=\"gap-element clearfix\" style=\"display:block; height:auto;\">\n\t\t\n<style>\n#gap-1903313490 {\n  padding-top: 60px;\n}\n<\/style>\n\t<\/div>\n\t\n\n<a href=\"https:\/\/neesanctuary.co.uk\/tr\/iletisime-gecin\/\" class=\"button primary max--w-700 max--w-center\"  style=\"border-radius:99px;\">\n\t\t<span>S\u0131\u011f\u0131nak ile bug\u00fcn ileti\u015fime ge\u00e7in.<\/span>\n\t<\/a>\n\n\n\n              <\/div>\n           <\/div>\n                            \n<style>\n#text-box-563946143 {\n  width: 100%;\n}\n#text-box-563946143 .text-box-content {\n  font-size: 100%;\n}\n<\/style>\n    <\/div>\n \n\n        <\/div>\n      <\/div>\n\n            \n<style>\n#banner-1236414023 {\n  padding-top: 290px;\n}\n#banner-1236414023 .overlay {\n  background-color: rgba(0, 0, 0, 0.3);\n}\n#banner-1236414023 .banner-bg img {\n  object-position: 55% 21%;\n}\n<\/style>\n  <\/div>\n\n\n\n\t\t<\/div>\n\t\t\t\t\t<\/div>\n\n\t\n\n<\/div>\n\n\n\t\t<\/div>\n\n\t\t\n<style>\n#section_1884766979 {\n  padding-top: 30px;\n  padding-bottom: 30px;\n  background-color: rgb(225, 241, 206);\n}\n<\/style>\n\t<\/section>\n\t\n\n","protected":false},"excerpt":{"rendered":"","protected":false},"author":1,"featured_media":0,"parent":0,"menu_order":0,"comment_status":"closed","ping_status":"closed","template":"page-blank.php","meta":{"footnotes":""},"class_list":["post-916","page","type-page","status-publish","hentry"],"acf":[],"_links":{"self":[{"href":"https:\/\/neesanctuary.co.uk\/tr\/wp-json\/wp\/v2\/pages\/916","targetHints":{"allow":["GET"]}}],"collection":[{"href":"https:\/\/neesanctuary.co.uk\/tr\/wp-json\/wp\/v2\/pages"}],"about":[{"href":"https:\/\/neesanctuary.co.uk\/tr\/wp-json\/wp\/v2\/types\/page"}],"author":[{"embeddable":true,"href":"https:\/\/neesanctuary.co.uk\/tr\/wp-json\/wp\/v2\/users\/1"}],"replies":[{"embeddable":true,"href":"https:\/\/neesanctuary.co.uk\/tr\/wp-json\/wp\/v2\/comments?post=916"}],"version-history":[{"count":1,"href":"https:\/\/neesanctuary.co.uk\/tr\/wp-json\/wp\/v2\/pages\/916\/revisions"}],"predecessor-version":[{"id":918,"href":"https:\/\/neesanctuary.co.uk\/tr\/wp-json\/wp\/v2\/pages\/916\/revisions\/918"}],"wp:attachment":[{"href":"https:\/\/neesanctuary.co.uk\/tr\/wp-json\/wp\/v2\/media?parent=916"}],"curies":[{"name":"wp","href":"https:\/\/api.w.org\/{rel}","templated":true}]}}