{"id":1063,"date":"2024-09-10T12:27:05","date_gmt":"2024-09-10T12:27:05","guid":{"rendered":"https:\/\/neesanctuary.co.uk\/kendinizi-onerin\/"},"modified":"2026-01-06T15:11:47","modified_gmt":"2026-01-06T15:11:47","slug":"kendinizi-onerin","status":"publish","type":"page","link":"https:\/\/neesanctuary.co.uk\/tr\/kendinizi-onerin\/","title":{"rendered":"Kendinizi \u00d6nerin"},"content":{"rendered":"\n\n\t<section class=\"section\" id=\"section_1232940573\">\n\t\t<div class=\"section-bg fill\" >\n\t\t\t\t\t\t\t\t\t\n\t\t\t\n\n\t\t<\/div>\n\n\t\t\n\n\t\t<div class=\"section-content relative\">\n\t\t\t\n\n\n  <div class=\"banner has-hover\" id=\"banner-217928415\">\n          <div class=\"banner-inner fill\">\n        <div class=\"banner-bg fill\" >\n            <img loading=\"lazy\" decoding=\"async\" width=\"1920\" height=\"1301\" src=\"https:\/\/neesanctuary.co.uk\/wp-content\/uploads\/2024\/09\/portrait3.jpg\" class=\"bg attachment-original size-original\" alt=\"\" \/>                        <div class=\"overlay\"><\/div>            \n                    <\/div>\n\t\t\n        <div class=\"banner-layers container\">\n            <div class=\"fill banner-link\"><\/div>            \n\n   <div id=\"text-box-1850208820\" class=\"text-box banner-layer x50 md-x50 lg-x50 y50 md-y50 lg-y50 res-text\">\n                                <div class=\"text-box-content text dark\">\n              \n              <div class=\"text-inner text-center\">\n                  \n\n\n              <\/div>\n           <\/div>\n                            \n<style>\n#text-box-1850208820 {\n  width: 60%;\n}\n#text-box-1850208820 .text-box-content {\n  font-size: 100%;\n}\n@media (min-width:550px) {\n  #text-box-1850208820 {\n    width: 60%;\n  }\n}\n<\/style>\n    <\/div>\n \n\n        <\/div>\n      <\/div>\n\n            \n<style>\n#banner-217928415 {\n  padding-top: 100vw;\n}\n#banner-217928415 .overlay {\n  background-color: rgba(0, 0, 0, 0.15);\n}\n#banner-217928415 .banner-bg img {\n  object-position: 50% 19%;\n}\n@media (min-width:550px) {\n  #banner-217928415 {\n    padding-top: 50vw;\n  }\n}\n@media (min-width:850px) {\n  #banner-217928415 {\n    padding-top: 500px;\n  }\n}\n<\/style>\n  <\/div>\n\n\n\n\t\t<\/div>\n\n\t\t\n<style>\n#section_1232940573 {\n  padding-top: 0px;\n  padding-bottom: 0px;\n}\n<\/style>\n\t<\/section>\n\t\n\n\t<section class=\"section small-p\" id=\"section_658183687\">\n\t\t<div class=\"section-bg fill\" >\n\t\t\t\t\t\t\t\t\t\n\t\t\t\n\n\t\t<\/div>\n\n\t\t\n\n\t\t<div class=\"section-content relative\">\n\t\t\t\n\n<div class=\"row row-large\"  id=\"row-463534278\">\n\n\n\t<div id=\"col-1984532778\" class=\"col pb--0 medium-12 small-12 large-5\"  >\n\t\t<div class=\"is-sticky-column\"><div class=\"is-sticky-column__inner\">\t\t<div class=\"col-inner\"  >\n\t\t\t\n\t\t\t\n\n\t<div id=\"text-3531892555\" class=\"text max--w-380\">\n\t\t\n\n<h1 class=\"fs-32 fw-bo\">Kendinizi \u00d6nerin<\/h1>\n\t\t\t<\/div>\n\t\n<p>Kendimizi size m\u00fcmk\u00fcn olan en iyi deste\u011fi sa\u011flamaya adad\u0131k. L\u00fctfen arad\u0131\u011f\u0131n\u0131z destek t\u00fcr\u00fc hakk\u0131nda biraz bilgi payla\u015f\u0131n. Refah\u0131n\u0131z bizim en \u00f6nemli \u00f6nceli\u011fimizdir ve t\u00fcm bilgiler gizli tutulacakt\u0131r.  <\/p>\n<p>Bu \u00e7evrimi\u00e7i formu kullanarak kendinizi S\u0131\u011f\u0131nak&#8217;a y\u00f6nlendirebilir veya <a href=\"tel:+443003309492\">0300 330 9492<\/a> numaral\u0131 telefondan bizi arayabilirsiniz.<\/p>\n<p style=\"font-weight: 400;\">\u00c7evrimi\u00e7i formu g\u00f6nderdikten veya bizi arayarak S\u0131\u011f\u0131na\u011fa ba\u015fvurduktan sonra, e\u011fitimli ekibimiz 24 saat i\u00e7inde bize verdi\u011finiz ileti\u015fim numaras\u0131ndan sizi arayacakt\u0131r. Sizi arayaca\u011f\u0131m\u0131z numaran\u0131n \u00f6zel bir numara oldu\u011funu l\u00fctfen unutmay\u0131n. <\/p>\n<p>\u0130ster bir <span class=\"fw-bo\">ruh sa\u011fl\u0131\u011f\u0131 krizi<\/span> ya\u015f\u0131yor olun, ister iyi kalmak i\u00e7in <span class=\"fw-bo\">deste\u011fe<\/span> ihtiyac\u0131n\u0131z olsun, sizin i\u00e7in <span class=\"fw-bo\">g\u00fcvenli ve destekleyici bir alan<\/span> sa\u011flayabiliriz.<\/p>\n<p>Haftan\u0131n 7 g\u00fcn\u00fc. Y\u0131l\u0131n 365 g\u00fcn\u00fc. <\/p>\n<p><em><strong>L\u00fctfen dikkat: Sadece 18 ya\u015f\u0131n \u00fczerindeki ki\u015filere destek verebiliyoruz.<\/strong><\/em><\/p>\n\n\t\t<\/div>\n\t\t<\/div><\/div>\t\t\n<style>\n#col-1984532778 > .is-sticky-column > .is-sticky-column__inner > .col-inner {\n  padding: 5% 0px 0px 0px;\n}\n<\/style>\n\t<\/div>\n\n\t\n\n\t<div id=\"col-1418355923\" class=\"col pb--0 medium-12 small-12 large-7\"  >\n\t\t\t\t<div class=\"col-inner text-left\" style=\"background-color:rgb(255,255,255);\" >\n\t\t\t\n\t\t\t\n\n\n<div class=\"wpcf7 no-js\" id=\"wpcf7-f1116-o1\" lang=\"tr-TR\" dir=\"ltr\" data-wpcf7-id=\"1116\">\n<div class=\"screen-reader-response\"><p role=\"status\" aria-live=\"polite\" aria-atomic=\"true\"><\/p> <ul><\/ul><\/div>\n<form action=\"\/tr\/wp-json\/wp\/v2\/pages\/1063#wpcf7-f1116-o1\" method=\"post\" class=\"wpcf7-form init\" aria-label=\"\u0130leti\u015fim Formu\" novalidate=\"novalidate\" data-status=\"init\">\n<fieldset class=\"hidden-fields-container\"><input type=\"hidden\" name=\"_wpcf7\" value=\"1116\" \/><input type=\"hidden\" name=\"_wpcf7_version\" value=\"6.1.5\" \/><input type=\"hidden\" name=\"_wpcf7_locale\" value=\"tr_TR\" \/><input type=\"hidden\" name=\"_wpcf7_unit_tag\" value=\"wpcf7-f1116-o1\" \/><input type=\"hidden\" name=\"_wpcf7_container_post\" value=\"0\" \/><input type=\"hidden\" name=\"_wpcf7_posted_data_hash\" value=\"\" \/>\n<\/fieldset>\n<div class=\"rd-form light-form\">\n    <h3 class=\"fs-32 fw-bo\">Ki\u015fisel Bilgiler<\/h3>\n\n<div class=\"form-block\">\n    <div class=\"form-row\">\n        <label>Tam <span class=\"c-acc4\"> ad*<\/span> <span class=\"wpcf7-form-control-wrap\" data-name=\"fullname\"><input size=\"40\" maxlength=\"400\" class=\"wpcf7-form-control wpcf7-text wpcf7-validates-as-required\" aria-required=\"true\" aria-invalid=\"false\" value=\"\" type=\"text\" name=\"fullname\" \/><\/span><\/label>\n        <label><span class=\"c-acc4\">Do\u011fum<\/span> Tarihi* <span class=\"wpcf7-form-control-wrap\" data-name=\"dob\"><input class=\"wpcf7-form-control wpcf7-date wpcf7-validates-as-required wpcf7-validates-as-date\" aria-required=\"true\" aria-invalid=\"false\" placeholder=\"00-00-000\" value=\"\" type=\"date\" name=\"dob\" \/><\/span><\/label>\n    <\/div>\n<\/div>\n\n<div class=\"form-block\">\n    <label><span class=\"c-acc4\">Adres*<\/span> <span class=\"wpcf7-form-control-wrap\" data-name=\"address1\"><input size=\"40\" maxlength=\"400\" class=\"wpcf7-form-control wpcf7-text wpcf7-validates-as-required\" aria-required=\"true\" aria-invalid=\"false\" value=\"\" type=\"text\" name=\"address1\" \/><\/span> <\/label>\n    <div class=\"form-row\">\n        <label><span class=\"wpcf7-form-control-wrap\" data-name=\"address2\"><input size=\"40\" maxlength=\"400\" class=\"wpcf7-form-control wpcf7-text\" aria-invalid=\"false\" value=\"\" type=\"text\" name=\"address2\" \/><\/span><\/label>\n        <label class=\"postcode-label\">Posta <span class=\"c-acc4\"> kodu*<\/span><span class=\"wpcf7-form-control-wrap\" data-name=\"postcode\"><input size=\"40\" maxlength=\"400\" class=\"wpcf7-form-control wpcf7-text wpcf7-validates-as-required\" aria-required=\"true\" aria-invalid=\"false\" value=\"\" type=\"text\" name=\"postcode\" \/><\/span><\/label>\n    <\/div>\n<\/div>\n\n<div class=\"form-block\">\n    <div class=\"form-row\">\n        <label>\u0130leti\u015fim <span class=\"c-acc4\"> numaras\u0131*<\/span> <span class=\"wpcf7-form-control-wrap\" data-name=\"tel\"><input size=\"40\" maxlength=\"400\" class=\"wpcf7-form-control wpcf7-tel wpcf7-validates-as-required wpcf7-text wpcf7-validates-as-tel\" aria-required=\"true\" aria-invalid=\"false\" value=\"\" type=\"tel\" name=\"tel\" \/><\/span><\/label>\n        <label>E-posta <span class=\"c-acc4\"> Adresi*<\/span> <span class=\"wpcf7-form-control-wrap\" data-name=\"email\"><input size=\"40\" maxlength=\"400\" class=\"wpcf7-form-control wpcf7-email wpcf7-validates-as-required wpcf7-text wpcf7-validates-as-email\" aria-required=\"true\" aria-invalid=\"false\" value=\"\" type=\"email\" name=\"email\" \/><\/span><\/label> \n    <\/div>\n<\/div>\n\n<div class=\"form-block\">\n    <div class=\"form-row\">\n        <label>Acil Durum \u0130leti\u015fim <span class=\"c-acc4\"> Ad\u0131*<\/span> <span class=\"wpcf7-form-control-wrap\" data-name=\"emergency-name\"><input size=\"40\" maxlength=\"400\" class=\"wpcf7-form-control wpcf7-text wpcf7-validates-as-required\" aria-required=\"true\" aria-invalid=\"false\" value=\"\" type=\"text\" name=\"emergency-name\" \/><\/span><\/label>\n        <label>Acil Durum \u0130leti\u015fim <span class=\"c-acc4\"> Numaras\u0131*<\/span> <span class=\"wpcf7-form-control-wrap\" data-name=\"emergency-num\"><input size=\"40\" maxlength=\"400\" class=\"wpcf7-form-control wpcf7-tel wpcf7-validates-as-required wpcf7-text wpcf7-validates-as-tel\" aria-required=\"true\" aria-invalid=\"false\" value=\"\" type=\"tel\" name=\"emergency-num\" \/><\/span><\/label> \n    <\/div>\n<\/div>\n\n<p><small>Acil durum ileti\u015fim bilgilerini yaln\u0131zca g\u00fcvenli\u011finizden endi\u015fe duymam\u0131z halinde kullanmak \u00fczere topluyoruz.<\/small><\/p>\n\n<div class=\"form-block small-textarea\">\n    <p class=\"fw-bo mb--10\">Nas\u0131l Yard\u0131mc\u0131 Olabiliriz?<\/p>\n    <label>L\u00fctfen bize arad\u0131\u011f\u0131n\u0131z destek veya hizmetimizi kullanarak ne elde etmeyi umdu\u011funuz hakk\u0131nda bilgi <span class=\"c-acc4\"> verin*<\/span><\/label>\n    <span class=\"wpcf7-form-control-wrap\" data-name=\"support\"><textarea cols=\"40\" rows=\"10\" maxlength=\"2000\" class=\"wpcf7-form-control wpcf7-textarea wpcf7-validates-as-required\" aria-required=\"true\" aria-invalid=\"false\" name=\"support\"><\/textarea><\/span>\n    <label>\u015eu anda neyle m\u00fccadele ediyorsunuz veya size en bunalt\u0131c\u0131 gelen \u015fey nedir<span class=\"c-acc4\">?<\/span><\/label>\n    <span class=\"wpcf7-form-control-wrap\" data-name=\"current-struggles\"><textarea cols=\"40\" rows=\"10\" maxlength=\"2000\" class=\"wpcf7-form-control wpcf7-textarea wpcf7-validates-as-required\" aria-required=\"true\" aria-invalid=\"false\" name=\"current-struggles\"><\/textarea><\/span>\n    <label>Bu zorluklar \u015fu anda g\u00fcnl\u00fck hayat\u0131n\u0131z\u0131 nas\u0131l etkiliyor<span class=\"c-acc4\">?<\/span><\/label>\n    <span class=\"wpcf7-form-control-wrap\" data-name=\"daily-challenges\"><textarea cols=\"40\" rows=\"10\" maxlength=\"2000\" class=\"wpcf7-form-control wpcf7-textarea wpcf7-validates-as-required\" aria-required=\"true\" aria-invalid=\"false\" name=\"daily-challenges\"><\/textarea><\/span>\n<\/div>\n\n<div class=\"form-block small-textarea\">\n    <p class=\"fw-bo mb--10\">Destek \u0130htiya\u00e7lar\u0131<\/p>\n    <label>\u015eu anda ne t\u00fcr bir deste\u011finiz var?  <i>(ge\u00e7erli olanlar\u0131n t\u00fcm\u00fcn\u00fc i\u015faretleyin):<\/i><\/label>\n    <span class=\"wpcf7-form-control-wrap\" data-name=\"current-support\"><span class=\"wpcf7-form-control wpcf7-checkbox\"><span class=\"wpcf7-list-item first\"><label><input type=\"checkbox\" name=\"current-support[]\" value=\"Arkada\u015flar veya Aile\" \/><span class=\"wpcf7-list-item-label\">Arkada\u015flar veya Aile<\/span><\/label><\/span><span class=\"wpcf7-list-item\"><label><input type=\"checkbox\" name=\"current-support[]\" value=\"Toplum Kurulu\u015flar\u0131\" \/><span class=\"wpcf7-list-item-label\">Toplum Kurulu\u015flar\u0131<\/span><\/label><\/span><span class=\"wpcf7-list-item\"><label><input type=\"checkbox\" name=\"current-support[]\" value=\"Ruh Sa\u011fl\u0131\u011f\u0131 Hizmetleri\" \/><span class=\"wpcf7-list-item-label\">Ruh Sa\u011fl\u0131\u011f\u0131 Hizmetleri<\/span><\/label><\/span><span class=\"wpcf7-list-item\"><label><input type=\"checkbox\" name=\"current-support[]\" value=\"Sosyal Bak\u0131m Hizmetleri\" \/><span class=\"wpcf7-list-item-label\">Sosyal Bak\u0131m Hizmetleri<\/span><\/label><\/span><span class=\"wpcf7-list-item last\"><label><input type=\"checkbox\" name=\"current-support[]\" value=\"Di\u011fer (l\u00fctfen a\u00e7\u0131klay\u0131n\u0131z):\" \/><span class=\"wpcf7-list-item-label\">Di\u011fer (l\u00fctfen a\u00e7\u0131klay\u0131n\u0131z):<\/span><\/label><\/span><\/span><\/span>\n    <label class=\"mt--15\">\u015eu anda ald\u0131\u011f\u0131n\u0131z destek size yard\u0131mc\u0131 oluyor mu?<\/label>\n    <span class=\"wpcf7-form-control-wrap\" data-name=\"current-support-helpful\"><textarea cols=\"40\" rows=\"10\" maxlength=\"2000\" class=\"wpcf7-form-control wpcf7-textarea\" aria-invalid=\"false\" name=\"current-support-helpful\"><\/textarea><\/span>\n    <label>Ba\u015fka \u00f6zel hizmetlerden destek almak ister misiniz?<\/label>\n    <span class=\"wpcf7-form-control-wrap\" data-name=\"support-other-services\"><textarea cols=\"40\" rows=\"10\" maxlength=\"2000\" class=\"wpcf7-form-control wpcf7-textarea\" aria-invalid=\"false\" name=\"support-other-services\"><\/textarea><\/span>\n<\/div>\n\n<div class=\"form-block small-textarea\">\n    <p class=\"fw-bo mb--10\">Hareketlilik \u0130htiya\u00e7lar\u0131<\/p>\n    <p>Herhangi bir mobilite ihtiyac\u0131n\u0131z var m\u0131 veya yard\u0131ma ihtiyac\u0131n\u0131z var m\u0131<span class=\"c-acc4\">?<\/span><\/p>\n    <div class=\"form-stack mb--0\">\n        <span class=\"wpcf7-form-control-wrap\" data-name=\"mobility-needs\"><span class=\"wpcf7-form-control wpcf7-radio\"><span class=\"wpcf7-list-item first\"><label><input type=\"radio\" name=\"mobility-needs\" value=\"Evet\" \/><span class=\"wpcf7-list-item-label\">Evet<\/span><\/label><\/span><span class=\"wpcf7-list-item last\"><label><input type=\"radio\" name=\"mobility-needs\" value=\"Hay\u0131r\" \/><span class=\"wpcf7-list-item-label\">Hay\u0131r<\/span><\/label><\/span><\/span><\/span>\n    <\/div>\n    <label class=\"\"><i>Cevab\u0131n\u0131z evet ise, l\u00fctfen a\u00e7\u0131klay\u0131n\u0131z:<\/i><\/label>\n    <span class=\"wpcf7-form-control-wrap\" data-name=\"mobility-needs-description\"><textarea cols=\"40\" rows=\"10\" maxlength=\"2000\" class=\"wpcf7-form-control wpcf7-textarea\" aria-invalid=\"false\" name=\"mobility-needs-description\"><\/textarea><\/span>\n<\/div>\n\n<div class=\"form-block small-textarea\">\n    <p class=\"fw-bo mb--10\">G\u00fcvende Tutmak<\/p>\n    <p>Son zamanlarda kendinize zarar verme veya intihar etme d\u00fc\u015f\u00fcnceleriniz oldu<span class=\"c-acc4\"> mu?<\/span><\/p>\n    <div class=\"form-stack mb--0\">\n        <span class=\"wpcf7-form-control-wrap\" data-name=\"self-harm\"><span class=\"wpcf7-form-control wpcf7-radio\"><span class=\"wpcf7-list-item first\"><label><input type=\"radio\" name=\"self-harm\" value=\"Evet\" \/><span class=\"wpcf7-list-item-label\">Evet<\/span><\/label><\/span><span class=\"wpcf7-list-item last\"><label><input type=\"radio\" name=\"self-harm\" value=\"Hay\u0131r\" \/><span class=\"wpcf7-list-item-label\">Hay\u0131r<\/span><\/label><\/span><\/span><\/span>\n    <\/div>\n    <label class=\"mb--20\"><i>Cevab\u0131n\u0131z evet ise, l\u00fctfen bize daha fazlas\u0131n\u0131 anlat\u0131n:<\/i><\/label>\n    <span class=\"wpcf7-form-control-wrap\" data-name=\"self-harm-description\"><textarea cols=\"40\" rows=\"10\" maxlength=\"2000\" class=\"wpcf7-form-control wpcf7-textarea\" aria-invalid=\"false\" name=\"self-harm-description\"><\/textarea><\/span>\n\n    <p>E\u011fer rahatsan\u0131z, bize bu d\u00fc\u015f\u00fcncelerinizi hayata ge\u00e7irmek i\u00e7in bir plan yap\u0131p yapmad\u0131\u011f\u0131n\u0131z\u0131 s\u00f6yleyebilir misiniz<span class=\"c-acc4\">?<\/span><\/p>\n    <div class=\"form-stack mb--0\">\n        <span class=\"wpcf7-form-control-wrap\" data-name=\"plans-to-act\"><span class=\"wpcf7-form-control wpcf7-radio\"><span class=\"wpcf7-list-item first\"><label><input type=\"radio\" name=\"plans-to-act\" value=\"Evet\" \/><span class=\"wpcf7-list-item-label\">Evet<\/span><\/label><\/span><span class=\"wpcf7-list-item last\"><label><input type=\"radio\" name=\"plans-to-act\" value=\"Hay\u0131r\" \/><span class=\"wpcf7-list-item-label\">Hay\u0131r<\/span><\/label><\/span><\/span><\/span>\n    <\/div>\n    <label class=\"mb--20\"><i>Cevab\u0131n\u0131z evet ise, l\u00fctfen bize daha fazlas\u0131n\u0131 anlat\u0131n - \u015eu anda yard\u0131m\u0131 hak ediyorsunuz, kendinizi acil risk alt\u0131nda hissediyorsan\u0131z l\u00fctfen <strong>999 veya 111 se\u00e7enek 2<\/strong>'yi aray\u0131n<\/i><\/label>\n    <span class=\"wpcf7-form-control-wrap\" data-name=\"plans-to-act-description\"><textarea cols=\"40\" rows=\"10\" maxlength=\"2000\" class=\"wpcf7-form-control wpcf7-textarea\" aria-invalid=\"false\" name=\"plans-to-act-description\"><\/textarea><\/span>\n<\/div>\n\n<div class=\"form-block small-textarea\">\n    <p class=\"fw-bo mb--10\">Ba\u015fa \u00c7\u0131kma Stratejileri<\/p>\n    <label>Stresli veya \u00fczg\u00fcn hissetti\u011finizde duygular\u0131n\u0131z\u0131 y\u00f6netmeye yard\u0131mc\u0131 olmak i\u00e7in genellikle ne yapars\u0131n\u0131z?<\/label>\n    <span class=\"wpcf7-form-control-wrap\" data-name=\"manage-emotions\"><textarea cols=\"40\" rows=\"10\" maxlength=\"2000\" class=\"wpcf7-form-control wpcf7-textarea\" aria-invalid=\"false\" placeholder=\"\u00f6rne\u011fin, arkada\u015flarla konu\u015fmak, y\u00fcr\u00fcy\u00fc\u015fe \u00e7\u0131kmak, m\u00fczik dinlemek, derin nefes almak\" name=\"manage-emotions\"><\/textarea><\/span>\n<\/div>\n\n<div class=\"form-block\">\n    <p class=\"fw-bo mb--10\">Demografik Bilgiler<\/p>\n    <p class=\"mb--15\">Bu bilgileri, hizmetlerimizin t\u00fcm gruplar i\u00e7in eri\u015filebilir olmas\u0131n\u0131 ve \u00e7e\u015fitlilik arz eden toplumumuzun ihtiya\u00e7lar\u0131n\u0131 kar\u015f\u0131lamas\u0131n\u0131 sa\u011flamak i\u00e7in topluyoruz.<\/p>\n    <div class=\"form-row\">\n        <label><span class=\"c-acc4\">Cinsiyet*<\/span> <span class=\"wpcf7-form-control-wrap\" data-name=\"gender\"><select class=\"wpcf7-form-control wpcf7-select wpcf7-validates-as-required\" aria-required=\"true\" aria-invalid=\"false\" name=\"gender\"><option value=\"Erkek\">Erkek<\/option><option value=\"Kad\u0131n\">Kad\u0131n<\/option><option value=\"\u0130kili Olmayan\">\u0130kili Olmayan<\/option><option value=\"S\u00f6ylememeyi Tercih Ediyorum\">S\u00f6ylememeyi Tercih Ediyorum<\/option><\/select><\/span><\/label>\n        <label><span class=\"c-acc4\">Etnik<\/span> k\u00f6ken* <span class=\"wpcf7-form-control-wrap\" data-name=\"ethnicity\"><select class=\"wpcf7-form-control wpcf7-select wpcf7-validates-as-required\" aria-required=\"true\" aria-invalid=\"false\" name=\"ethnicity\"><option value=\"\u0130ngiliz\">\u0130ngiliz<\/option><option value=\"Beyaz ve Siyah Karayipli\">Beyaz ve Siyah Karayipli<\/option><option value=\"Di\u011fer herhangi bir kar\u0131\u015f\u0131k k\u00f6kenli\">Di\u011fer herhangi bir kar\u0131\u015f\u0131k k\u00f6kenli<\/option><option value=\"\u0130rlandal\u0131\">\u0130rlandal\u0131<\/option><option value=\"\u00c7inli\">\u00c7inli<\/option><option value=\"Di\u011fer herhangi bir Beyaz k\u00f6kenli\">Di\u011fer herhangi bir Beyaz k\u00f6kenli<\/option><option value=\"Di\u011fer herhangi bir Siyah k\u00f6kenli\">Di\u011fer herhangi bir Siyah k\u00f6kenli<\/option><option value=\"Afrikal\u0131\">Afrikal\u0131<\/option><option value=\"Karayipli\">Karayipli<\/option><option value=\"Di\u011fer herhangi bir Asyal\u0131 k\u00f6kenli\">Di\u011fer herhangi bir Asyal\u0131 k\u00f6kenli<\/option><option value=\"Banglade\u015fli\">Banglade\u015fli<\/option><option value=\"Pakistanl\u0131\">Pakistanl\u0131<\/option><option value=\"Hintli\">Hintli<\/option><\/select><\/span><\/label>\n    <\/div>\n<\/div>\n\n<p class=\"ta--c\"><small>Kuzey Do\u011fu Essex S\u0131\u011f\u0131nma Evi Hizmetine eri\u015fim i\u00e7in yapt\u0131\u011f\u0131n\u0131z ba\u015fvuruyu alm\u0131\u015f bulunmaktay\u0131z.\n \nBa\u015fvurunuz i\u015fleme al\u0131nm\u0131\u015ft\u0131r ve randevu uygunlu\u011funu teyit etmek i\u00e7in k\u0131sa s\u00fcre i\u00e7inde sizinle ileti\u015fime ge\u00e7ece\u011fiz.\n \nHerhangi bir sorunuz olmas\u0131 halinde l\u00fctfen <a href=\"tel:+441206 764600\">01206 764600 numaral\u0131 telefondan Y\u00f6nlendirme Y\u00f6netim Ekibi ile ileti\u015fime ge\u00e7in.\n<\/small><\/p>\n\n\n<div class=\"submit-container\">\n<input class=\"wpcf7-form-control wpcf7-submit has-spinner\" type=\"submit\" value=\"Kendi kendine y\u00f6nlendirme formunu g\u00f6nderin\" \/>\n<\/div>\n\n<\/div><div class=\"wpcf7-response-output\" aria-hidden=\"true\"><\/div>\n<\/form>\n<\/div>\n\n\n\n\t\t<\/div>\n\t\t\t\t\n<style>\n#col-1418355923 > .col-inner {\n  padding: 5% 5% 5% 5%;\n  border-radius: 20px;\n}\n<\/style>\n\t<\/div>\n\n\t\n\n<\/div>\n\n\t\t<\/div>\n\n\t\t\n<style>\n#section_658183687 {\n  padding-top: 30px;\n  padding-bottom: 30px;\n  background-color: #8bc3b9;\n}\n<\/style>\n\t<\/section>\n\t\n\n\t<section class=\"section small-p\" id=\"section_1660740951\">\n\t\t<div class=\"section-bg fill\" >\n\t\t\t\t\t\t\t\t\t\n\t\t\t\n\n\t\t<\/div>\n\n\t\t\n\n\t\t<div class=\"section-content relative\">\n\t\t\t\n\n<div class=\"row\"  id=\"row-2045311825\">\n\n\n\t<div id=\"col-466063573\" class=\"col pb--0 small-12 large-12\"  >\n\t\t\t\t<div class=\"col-inner\"  >\n\t\t\t\n\t\t\t\n\n\n  <div class=\"banner has-hover\" id=\"banner-1811879434\">\n          <div class=\"banner-inner fill\">\n        <div class=\"banner-bg fill\" >\n            <img loading=\"lazy\" decoding=\"async\" width=\"1920\" height=\"1080\" src=\"https:\/\/neesanctuary.co.uk\/wp-content\/uploads\/2024\/09\/North-East-Essex-Sanctuary.webp\" class=\"bg attachment-original size-original\" alt=\"North East Essex Sanctuary\" \/>                        <div class=\"overlay\"><\/div>            \n                    <\/div>\n\t\t\n        <div class=\"banner-layers container\">\n            <div class=\"fill banner-link\"><\/div>            \n\n   <div id=\"text-box-958705169\" class=\"text-box banner-layer max--w-700 max--w-center x50 md-x50 lg-x50 y50 md-y50 lg-y50 res-text\">\n                                <div class=\"text-box-content text dark\">\n              \n              <div class=\"text-inner text-center\">\n                  \n\n\t<div id=\"gap-27853457\" class=\"gap-element clearfix\" style=\"display:block; height:auto;\">\n\t\t\n<style>\n#gap-27853457 {\n  padding-top: 60px;\n}\n<\/style>\n\t<\/div>\n\t\n\n<a href=\"https:\/\/neesanctuary.co.uk\/tr\/iletisime-gecin\/\" class=\"button primary max--w-700 max--w-center\"  style=\"border-radius:99px;\">\n\t\t<span>S\u0131\u011f\u0131nak ile bug\u00fcn ileti\u015fime ge\u00e7in.<\/span>\n\t<\/a>\n\n\n\n              <\/div>\n           <\/div>\n                            \n<style>\n#text-box-958705169 {\n  width: 100%;\n}\n#text-box-958705169 .text-box-content {\n  font-size: 100%;\n}\n<\/style>\n    <\/div>\n \n\n        <\/div>\n      <\/div>\n\n            \n<style>\n#banner-1811879434 {\n  padding-top: 290px;\n}\n#banner-1811879434 .overlay {\n  background-color: rgba(0, 0, 0, 0.3);\n}\n#banner-1811879434 .banner-bg img {\n  object-position: 55% 21%;\n}\n<\/style>\n  <\/div>\n\n\n\n\t\t<\/div>\n\t\t\t\t\t<\/div>\n\n\t\n\n<\/div>\n\n\n\t\t<\/div>\n\n\t\t\n<style>\n#section_1660740951 {\n  padding-top: 30px;\n  padding-bottom: 30px;\n  background-color: rgb(232, 243, 241);\n}\n<\/style>\n\t<\/section>\n\t\n\n","protected":false},"excerpt":{"rendered":"","protected":false},"author":1,"featured_media":0,"parent":0,"menu_order":0,"comment_status":"closed","ping_status":"closed","template":"page-blank.php","meta":{"footnotes":""},"class_list":["post-1063","page","type-page","status-publish","hentry"],"acf":[],"_links":{"self":[{"href":"https:\/\/neesanctuary.co.uk\/tr\/wp-json\/wp\/v2\/pages\/1063","targetHints":{"allow":["GET"]}}],"collection":[{"href":"https:\/\/neesanctuary.co.uk\/tr\/wp-json\/wp\/v2\/pages"}],"about":[{"href":"https:\/\/neesanctuary.co.uk\/tr\/wp-json\/wp\/v2\/types\/page"}],"author":[{"embeddable":true,"href":"https:\/\/neesanctuary.co.uk\/tr\/wp-json\/wp\/v2\/users\/1"}],"replies":[{"embeddable":true,"href":"https:\/\/neesanctuary.co.uk\/tr\/wp-json\/wp\/v2\/comments?post=1063"}],"version-history":[{"count":5,"href":"https:\/\/neesanctuary.co.uk\/tr\/wp-json\/wp\/v2\/pages\/1063\/revisions"}],"predecessor-version":[{"id":1691,"href":"https:\/\/neesanctuary.co.uk\/tr\/wp-json\/wp\/v2\/pages\/1063\/revisions\/1691"}],"wp:attachment":[{"href":"https:\/\/neesanctuary.co.uk\/tr\/wp-json\/wp\/v2\/media?parent=1063"}],"curies":[{"name":"wp","href":"https:\/\/api.w.org\/{rel}","templated":true}]}}