{"id":935,"date":"2024-09-05T13:29:20","date_gmt":"2024-09-05T13:29:20","guid":{"rendered":"https:\/\/neesanctuary.co.uk\/jak-mozemy-ci-pomoc\/"},"modified":"2024-10-25T10:01:01","modified_gmt":"2024-10-25T10:01:01","slug":"jak-mozemy-ci-pomoc","status":"publish","type":"page","link":"https:\/\/neesanctuary.co.uk\/pl\/jak-mozemy-ci-pomoc\/","title":{"rendered":"Jak mo\u017cemy Ci pom\u00f3c"},"content":{"rendered":"\n\n\t<section class=\"section norm-p\" id=\"section_504284899\">\n\t\t<div class=\"section-bg fill\" >\n\t\t\t<img loading=\"lazy\" decoding=\"async\" width=\"1280\" height=\"853\" src=\"https:\/\/neesanctuary.co.uk\/wp-content\/uploads\/2024\/10\/How-we-can-help-image.jpeg\" class=\"bg attachment-original size-original\" alt=\"\" \/>\t\t\t\t\t\t<div class=\"section-bg-overlay absolute fill\"><\/div>\n\t\t\t\n\n\t\t<\/div>\n\n\t\t\n\n\t\t<div class=\"section-content relative\">\n\t\t\t\n\n\n\t\t<\/div>\n\n\t\t\n<style>\n#section_504284899 {\n  padding-top: 30px;\n  padding-bottom: 30px;\n  min-height: 45vmin;\n}\n#section_504284899 .section-bg-overlay {\n  background-color: rgba(0,0,0,.5);\n}\n#section_504284899 .section-bg img {\n  object-position: 45% 53%;\n}\n<\/style>\n\t<\/section>\n\t\n\n\t<section class=\"section norm-p\" id=\"section_1265968364\">\n\t\t<div class=\"section-bg fill\" >\n\t\t\t\t\t\t\t\t\t\n\t\t\t\n\n\t\t<\/div>\n\n\t\t\n\n\t\t<div class=\"section-content relative\">\n\t\t\t\n\n<div class=\"row row-large align-middle\"  id=\"row-878770786\">\n\n\n\t<div id=\"col-1705487110\" class=\"col pb--0 medium-12 small-12 large-12\"  >\n\t\t\t\t<div class=\"col-inner\"  >\n\t\t\t\n\t\t\t\n\n\t<div id=\"text-2060835857\" class=\"text\">\n\t\t\n\n<h1 class=\"fs-32\">Sanktuarium oferuje spokojn\u0105, pe\u0142n\u0105 wsp\u00f3\u0142czucia przestrze\u0144, kt\u00f3ra pomaga radzi\u0107 sobie ze zdrowiem psychicznym.<\/h1>\n<p class=\"fs-21\">Oferujemy praktyczne i emocjonalne wsparcie przez 7 dni w tygodniu, 365 dni w roku.<\/p>\n<p>Niezale\u017cnie od tego, czy chcesz odwiedzi\u0107 jedn\u0105 z naszych kawiarni powitalnych, uzyska\u0107 dost\u0119p do wsparcia r\u00f3wie\u015bniczego, czy potrzebujesz pilnej opieki, jeste\u015bmy tutaj, aby Ci pom\u00f3c. Mo\u017cesz skierowa\u0107 si\u0119 do naszego serwisu, gdy potrzebujesz wsparcia. <\/p>\n<p>Wystarczy skontaktowa\u0107 si\u0119 z nami telefonicznie, mailowo lub za po\u015brednictwem naszej strony internetowej, a my s\u0142u\u017cymy pomoc\u0105.<\/p>\n<p>Nasz proces jest prosty, dzi\u0119ki czemu mo\u017cesz szybko uzyska\u0107 potrzebn\u0105 pomoc.<\/p>\n\t\t\n<style>\n#text-2060835857 {\n  text-align: center;\n}\n<\/style>\n\t<\/div>\n\t\n\t<div id=\"gap-1174652473\" class=\"gap-element clearfix\" style=\"display:block; height:auto;\">\n\t\t\n<style>\n#gap-1174652473 {\n  padding-top: 15px;\n}\n<\/style>\n\t<\/div>\n\t\n\n\n\t\t<\/div>\n\t\t\t\t\t<\/div>\n\n\t\n\n<\/div>\n\n\t\t<\/div>\n\n\t\t\n<style>\n#section_1265968364 {\n  padding-top: 30px;\n  padding-bottom: 30px;\n}\n<\/style>\n\t<\/section>\n\t\n<span class=\"scroll-to\" data-label=\"Scroll to: #community-wellbeing-support\" data-bullet=\"false\" data-link=\"#community-wellbeing-support\" data-title=\"community-wellbeing-support\" ><a name=\"community-wellbeing-support\"><\/a><\/span>\n\n\n\t<section class=\"section small-p\" id=\"section_363661140\">\n\t\t<div class=\"section-bg fill\" >\n\t\t\t\t\t\t\t\t\t\n\t\t\t\n\n\t\t<\/div>\n\n\t\t\n\n\t\t<div class=\"section-content relative\">\n\t\t\t\n\n<div class=\"row\"  id=\"row-569280213\">\n\n\n\t<div id=\"col-2063037710\" class=\"col small-12 large-12\"  >\n\t\t\t\t<div class=\"col-inner\"  >\n\t\t\t\n\t\t\t\n\n<div class=\"row align-middle\"  id=\"row-92792410\">\n\n\n\t<div id=\"col-113693747\" class=\"col pb--0 medium-12 small-12 large-7 medium-col-first\"  >\n\t\t\t\t<div class=\"col-inner\"  >\n\t\t\t\n\t\t\t\n\n\n  <div class=\"banner has-hover br--12 of-h has-parallax\" id=\"banner-1790360116\">\n          <div class=\"banner-inner fill\">\n        <div class=\"banner-bg fill\" data-parallax=\"-1\" data-parallax-container=\".banner\" data-parallax-background>\n            <img loading=\"lazy\" decoding=\"async\" width=\"1020\" height=\"679\" src=\"https:\/\/neesanctuary.co.uk\/wp-content\/uploads\/2024\/10\/Community-events-1024x682.jpeg\" class=\"bg attachment-large size-large\" alt=\"\" \/>                                    \n                    <\/div>\n\t\t\n        <div class=\"banner-layers container\">\n            <div class=\"fill banner-link\"><\/div>            \n\n   <div id=\"text-box-763657632\" class=\"text-box banner-layer x50 md-x50 lg-x50 y50 md-y50 lg-y50 res-text\">\n                                <div class=\"text-box-content text dark\">\n              \n              <div class=\"text-inner text-center\">\n                  \n\n\n              <\/div>\n           <\/div>\n                            \n<style>\n#text-box-763657632 {\n  width: 60%;\n}\n#text-box-763657632 .text-box-content {\n  font-size: 100%;\n}\n@media (min-width:550px) {\n  #text-box-763657632 {\n    width: 60%;\n  }\n}\n<\/style>\n    <\/div>\n \n\n        <\/div>\n      <\/div>\n\n            \n<style>\n#banner-1790360116 {\n  padding-top: 65%;\n}\n#banner-1790360116 .banner-bg img {\n  object-position: 50% 50%;\n}\n<\/style>\n  <\/div>\n\n\n\t<div id=\"gap-199157674\" class=\"gap-element clearfix show-for-medium\" style=\"display:block; height:auto;\">\n\t\t\n<style>\n#gap-199157674 {\n  padding-top: 30px;\n}\n<\/style>\n\t<\/div>\n\t\n\n\n\t\t<\/div>\n\t\t\t\t\t<\/div>\n\n\t\n\n\t<div id=\"col-502125842\" class=\"col pb--0 medium-12 small-12 large-5\"  >\n\t\t\t\t<div class=\"col-inner\"  >\n\t\t\t\n\t\t\t\n\n<h2 class=\"fs-32 fw-bo\">Wsparcie i wydarzenia dla spo\u0142eczno\u015bci<\/h2>\n<p>Kiedy martwimy si\u0119 o nasze zdrowie psychiczne, \u0142atwy dost\u0119p do wsparcia ma znaczenie.<\/p>\n<p>Je\u015bli chcesz po\u0142\u0105czy\u0107 si\u0119 z lokalnymi us\u0142ugami wsparcia lub dowiedzie\u0107 si\u0119, jakie wydarzenia odbywaj\u0105 si\u0119 w Twojej okolicy, mo\u017cemy Ci pom\u00f3c.<\/p>\n<p>Nasza us\u0142uga Community Wellbeing Support jest dost\u0119pna dla ka\u017cdego, kto uko\u0144czy\u0142 18 lat i mieszka w Colchester lub Tendring.<\/p>\n<p>Jeste\u015bmy otwarci w godzinach 10-20, 7 dni w tygodniu.<br>  Mo\u017cesz poleci\u0107 siebie ju\u017c dzi\u015b.<\/p>\n\t<div id=\"stack-3754808815\" class=\"stack stack-row justify-start items-stretch\">\n\t\t\n\n\t<div id=\"text-298086133\" class=\"text\">\n\t\t\n\n<ul>\n<li>Welcome Cafes<\/li>\n<li>Grupy przyja\u017ani<\/li>\n<li>Preskrypcja spo\u0142eczna<\/li>\n<li>Grupy spo\u0142eczne<\/li>\n<\/ul>\n\t\t\t<\/div>\n\t\n\t<div id=\"text-1469399437\" class=\"text\">\n\t\t\n\n<ul>\n<li>Mo\u017cliwo\u015bci kszta\u0142cenia\/szkolenia<\/li>\n<li>Praktyczne wsparcie  <\/li>\n<li>Aktywno\u015b\u0107 fizyczna<\/li>\n<li>Grupy kulturowe<\/li>\n<\/ul>\n\t\t\t<\/div>\n\t\n\n\t\t\n<style>\n#stack-3754808815 > * {\n  --stack-gap: 1rem;\n}\n<\/style>\n\t<\/div>\n\t\n\t<div id=\"gap-1836149410\" class=\"gap-element clearfix\" style=\"display:block; height:auto;\">\n\t\t\n<style>\n#gap-1836149410 {\n  padding-top: 15px;\n}\n<\/style>\n\t<\/div>\n\t\n\n<a href=\"https:\/\/neesanctuary.co.uk\/pl\/jak-mozemy-ci-pomoc\/wsparcie-dla-spolecznosci\/\" class=\"button secondary mb--0\"  style=\"border-radius:99px;\">\n\t\t<span>Dowiedz si\u0119 wi\u0119cej<\/span>\n\t<\/a>\n\n\n\n\t\t<\/div>\n\t\t\t\t\t<\/div>\n\n\t\n\n<\/div>\n\n\t\t<\/div>\n\t\t\t\t\t<\/div>\n\n\t\n\n<\/div>\n\n\t\t<\/div>\n\n\t\t\n<style>\n#section_363661140 {\n  padding-top: 30px;\n  padding-bottom: 30px;\n  background-color: rgb(232, 243, 241);\n}\n<\/style>\n\t<\/section>\n\t\n\n\t<section class=\"section norm-p\" id=\"section_742081959\">\n\t\t<div class=\"section-bg fill\" >\n\t\t\t\t\t\t\t\t\t\n\t\t\t\n\n\t\t<\/div>\n\n\t\t\n\n\t\t<div class=\"section-content relative\">\n\t\t\t\n\n<div class=\"row row-large align-middle\"  id=\"row-454920071\">\n\n\n\t<div id=\"col-1438047693\" class=\"col pb--0 medium-12 small-12 large-5\"  >\n\t\t\t\t<div class=\"col-inner\"  >\n\t\t\t\n\t\t\t\n\n<h2 class=\"fs-32 fw-bo\">Wsparcie 1 do 1<\/h2>\n<p>Wiemy, \u017ce w przypadku kryzysu zdrowia psychicznego wczesne uzyskanie wsparcia mo\u017ce wiele zmieni\u0107. Nasza us\u0142uga wsparcia 1 na 1 oferuje spersonalizowan\u0105 pomoc i dost\u0119p do us\u0142ug zwi\u0105zanych z dobrym samopoczuciem. <\/p>\n<p>Nasze wsparcie 1 na 1 jest dost\u0119pne dla ka\u017cdego, kto uko\u0144czy\u0142 18 lat i mieszka w Colchester lub Tendring.<\/p>\n<p>Jeste\u015bmy otwarci w godzinach 10-23, 7 dni w tygodniu.<\/p>\n<p>Skierowania mog\u0105 by\u0107 wystawiane przez pracownik\u00f3w s\u0142u\u017cby zdrowia lub pracownik\u00f3w spo\u0142ecznych.<\/p>\n<ul>\n<li>Po\u0142\u0105czenia na bie\u017c\u0105co<\/li>\n<li>Rozw\u00f3j planu wsparcia<\/li>\n<li>Przej\u015bcie do wsparcia w zakresie dobrego samopoczucia w spo\u0142eczno\u015bci<\/li>\n<li>Dost\u0119p do wsparcia r\u00f3wie\u015bniczego<\/li>\n<\/ul>\n\n\t<div id=\"gap-404536231\" class=\"gap-element clearfix\" style=\"display:block; height:auto;\">\n\t\t\n<style>\n#gap-404536231 {\n  padding-top: 15px;\n}\n<\/style>\n\t<\/div>\n\t\n\n<a href=\"https:\/\/neesanctuary.co.uk\/pl\/jak-mozemy-ci-pomoc\/wsparcie-1-do-1\/\" class=\"button secondary\"  style=\"border-radius:99px;\">\n\t\t<span>Dowiedz si\u0119 wi\u0119cej<\/span>\n\t<\/a>\n\n\n\n\t\t<\/div>\n\t\t\t\t\t<\/div>\n\n\t\n\n\t<div id=\"col-929984005\" class=\"col pb--0 medium-12 small-12 large-7 medium-col-first\"  >\n\t\t\t\t<div class=\"col-inner\"  >\n\t\t\t\n\t\t\t\n\n\n  <div class=\"banner has-hover br--12 of-h has-parallax\" id=\"banner-1984756822\">\n          <div class=\"banner-inner fill\">\n        <div class=\"banner-bg fill\" data-parallax=\"-1\" data-parallax-container=\".banner\" data-parallax-background>\n            <img loading=\"lazy\" decoding=\"async\" width=\"1020\" height=\"679\" src=\"https:\/\/neesanctuary.co.uk\/wp-content\/uploads\/2024\/10\/1-to-1-support--1024x682.jpeg\" class=\"bg attachment-large size-large\" alt=\"\" \/>                                    \n                    <\/div>\n\t\t\n        <div class=\"banner-layers container\">\n            <div class=\"fill banner-link\"><\/div>            \n\n   <div id=\"text-box-1231766473\" class=\"text-box banner-layer x50 md-x50 lg-x50 y50 md-y50 lg-y50 res-text\">\n                                <div class=\"text-box-content text dark\">\n              \n              <div class=\"text-inner text-center\">\n                  \n\n\n              <\/div>\n           <\/div>\n                            \n<style>\n#text-box-1231766473 {\n  width: 60%;\n}\n#text-box-1231766473 .text-box-content {\n  font-size: 100%;\n}\n@media (min-width:550px) {\n  #text-box-1231766473 {\n    width: 60%;\n  }\n}\n<\/style>\n    <\/div>\n \n\n        <\/div>\n      <\/div>\n\n            \n<style>\n#banner-1984756822 {\n  padding-top: 65%;\n}\n#banner-1984756822 .banner-bg img {\n  object-position: 50% 50%;\n}\n<\/style>\n  <\/div>\n\n\n\t<div id=\"gap-207525983\" class=\"gap-element clearfix show-for-medium\" style=\"display:block; height:auto;\">\n\t\t\n<style>\n#gap-207525983 {\n  padding-top: 30px;\n}\n<\/style>\n\t<\/div>\n\t\n\n\n\t\t<\/div>\n\t\t\t\t\t<\/div>\n\n\t\n\n\t<div id=\"col-403414976\" class=\"col blur medium-6 small-12 large-12\"  >\n\t\t\t\t<div class=\"col-inner text-center box-shadow-5-hover dark\" style=\"background-color:#3f7b82;\" >\n\t\t\t\n\t\t\t\n\n\t<div id=\"text-3747404748\" class=\"text\">\n\t\t\n\n<h2 class=\"fs-32 fw-bo\">Potrzebujesz pomocy? Pole\u0107 si\u0119 ju\u017c dzi\u015b. <\/h2>\n\t\t\n<style>\n#text-3747404748 {\n  text-align: center;\n  color: rgb(255, 255, 255);\n}\n#text-3747404748 > * {\n  color: rgb(255, 255, 255);\n}\n<\/style>\n\t<\/div>\n\t\n\n\n<div class=\"rd-iconbox\">\n<i class=\"phone-icon\"><\/i>\n<p class=\"fs-34 fw-bl c-w\"><a href=\"tel:+443003309492\" class=\"no-underline\">0300 330 9492<\/a><\/p>\n<\/div>\n\n\t<div id=\"gap-663447421\" class=\"gap-element clearfix\" style=\"display:block; height:auto;\">\n\t\t\n<style>\n#gap-663447421 {\n  padding-top: 10px;\n}\n<\/style>\n\t<\/div>\n\t\n\n<a href=\"\/referrals\/\" class=\"button success lowercase\"  style=\"border-radius:99px;\">\n\t\t<span>Pole\u0107 siebie<\/span>\n\t<\/a>\n\n\n<a href=\"\/referrals\/\" class=\"button success lowercase\"  style=\"border-radius:99px;\">\n\t\t<span>Skierowanie do spo\u0142eczno\u015bci<\/span>\n\t<\/a>\n\n\n\n\t\t<\/div>\n\t\t\t\t\n<style>\n#col-403414976 > .col-inner {\n  padding: 30px 30px 20px 30px;\n  margin: 5% 0px 0px 0px;\n  border-radius: 10px;\n}\n<\/style>\n\t<\/div>\n\n\t\n\n<\/div>\n\n\t\t<\/div>\n\n\t\t\n<style>\n#section_742081959 {\n  padding-top: 30px;\n  padding-bottom: 30px;\n}\n<\/style>\n\t<\/section>\n\t\n<span class=\"scroll-to\" data-label=\"Scroll to: #individualised-support\" data-bullet=\"false\" data-link=\"#individualised-support\" data-title=\"individualised-support\" ><a name=\"individualised-support\"><\/a><\/span>\n\n\n\t<section class=\"section norm-p\" id=\"section_1727288420\">\n\t\t<div class=\"section-bg fill\" >\n\t\t\t\t\t\t\t\t\t\n\t\t\t\n\n\t\t<\/div>\n\n\t\t\n\n\t\t<div class=\"section-content relative\">\n\t\t\t\n\n<div class=\"row align-middle\"  id=\"row-1565122988\">\n\n\n\t<div id=\"col-1675325230\" class=\"col pb--0 medium-12 small-12 large-7 medium-col-first\"  >\n\t\t\t\t<div class=\"col-inner\"  >\n\t\t\t\n\t\t\t\n\n\n  <div class=\"banner has-hover br--12 of-h has-parallax\" id=\"banner-224176149\">\n          <div class=\"banner-inner fill\">\n        <div class=\"banner-bg fill\" data-parallax=\"-1\" data-parallax-container=\".banner\" data-parallax-background>\n            <img loading=\"lazy\" decoding=\"async\" width=\"1020\" height=\"795\" src=\"https:\/\/neesanctuary.co.uk\/wp-content\/uploads\/2024\/09\/group1-1024x798.jpg\" class=\"bg attachment-large size-large\" alt=\"\" \/>                                    \n                    <\/div>\n\t\t\n        <div class=\"banner-layers container\">\n            <div class=\"fill banner-link\"><\/div>            \n\n   <div id=\"text-box-473264489\" class=\"text-box banner-layer x50 md-x50 lg-x50 y50 md-y50 lg-y50 res-text\">\n                                <div class=\"text-box-content text dark\">\n              \n              <div class=\"text-inner text-center\">\n                  \n\n\n              <\/div>\n           <\/div>\n                            \n<style>\n#text-box-473264489 {\n  width: 60%;\n}\n#text-box-473264489 .text-box-content {\n  font-size: 100%;\n}\n@media (min-width:550px) {\n  #text-box-473264489 {\n    width: 60%;\n  }\n}\n<\/style>\n    <\/div>\n \n\n        <\/div>\n      <\/div>\n\n            \n<style>\n#banner-224176149 {\n  padding-top: 65%;\n}\n#banner-224176149 .banner-bg img {\n  object-position: 50% 50%;\n}\n<\/style>\n  <\/div>\n\n\n\t<div id=\"gap-1279507363\" class=\"gap-element clearfix show-for-medium\" style=\"display:block; height:auto;\">\n\t\t\n<style>\n#gap-1279507363 {\n  padding-top: 30px;\n}\n<\/style>\n\t<\/div>\n\t\n\n\n\t\t<\/div>\n\t\t\t\t\t<\/div>\n\n\t\n\n\t<div id=\"col-1321985506\" class=\"col pb--0 medium-12 small-12 large-5\"  >\n\t\t\t\t<div class=\"col-inner\"  >\n\t\t\t\n\t\t\t\n\n<h2 class=\"fs-32 fw-bo\">Wsp\u00f3lna praca dla Ciebie<\/h2>\n<p>Sanctuary wsp\u00f3\u0142pracuje z wieloma partnerami, aby zapewni\u0107 najwy\u017csz\u0105 jako\u015b\u0107 opieki. Wiemy, \u017ce tylko pracuj\u0105c razem, mo\u017cemy wspiera\u0107 ludzi w Mid Essex w zarz\u0105dzaniu ich zdrowiem psychicznym i dobrym \u017cyciu. <br>\n<\/br>\u015aci\u015ble wsp\u00f3\u0142pracujemy z wieloma partnerami, w tym z Essex Partnership University NHS Foundation Trust (EPUT), a tak\u017ce z organizacjami charytatywnymi i wolontariackimi.<\/p>\n<p>Wsp\u00f3\u0142pracujemy r\u00f3wnie\u017c z lokalnymi oddzia\u0142ami ratunkowymi, zespo\u0142ami kryzysowymi i innymi us\u0142ugami, aby upewni\u0107 si\u0119, \u017ce otrzymasz potrzebn\u0105 opiek\u0119 i wsparcie, kiedy ich potrzebujesz.<\/p>\n<p>Jeste\u015bmy tutaj, aby pom\u00f3c Ci na ka\u017cdym kroku.  <\/p>\n<ul>\n<li>Koordynowanie procesu kierowania<\/li>\n<li>Zarz\u0105dzanie ryzykiem<\/li>\n<li>Oferuj natychmiastowe wsparcie<\/li>\n<li>W razie potrzeby przenie\u015b ludzi do wsparcia 1 na 1<\/li>\n<\/ul>\n\n\t<div id=\"gap-1292569119\" class=\"gap-element clearfix\" style=\"display:block; height:auto;\">\n\t\t\n<style>\n#gap-1292569119 {\n  padding-top: 15px;\n}\n<\/style>\n\t<\/div>\n\t\n\n<a href=\"https:\/\/neesanctuary.co.uk\/pl\/o-nas\/\" class=\"button secondary\"  style=\"border-radius:99px;\">\n\t\t<span>Dowiedz si\u0119 wi\u0119cej<\/span>\n\t<\/a>\n\n\n\n\t\t<\/div>\n\t\t\t\t\t<\/div>\n\n\t\n\n<\/div>\n\n\t\t<\/div>\n\n\t\t\n<style>\n#section_1727288420 {\n  padding-top: 30px;\n  padding-bottom: 30px;\n  background-color: rgb(232, 243, 241);\n}\n<\/style>\n\t<\/section>\n\t\n\n","protected":false},"excerpt":{"rendered":"","protected":false},"author":1,"featured_media":0,"parent":0,"menu_order":0,"comment_status":"closed","ping_status":"closed","template":"page-blank.php","meta":{"footnotes":""},"class_list":["post-935","page","type-page","status-publish","hentry"],"acf":[],"_links":{"self":[{"href":"https:\/\/neesanctuary.co.uk\/pl\/wp-json\/wp\/v2\/pages\/935","targetHints":{"allow":["GET"]}}],"collection":[{"href":"https:\/\/neesanctuary.co.uk\/pl\/wp-json\/wp\/v2\/pages"}],"about":[{"href":"https:\/\/neesanctuary.co.uk\/pl\/wp-json\/wp\/v2\/types\/page"}],"author":[{"embeddable":true,"href":"https:\/\/neesanctuary.co.uk\/pl\/wp-json\/wp\/v2\/users\/1"}],"replies":[{"embeddable":true,"href":"https:\/\/neesanctuary.co.uk\/pl\/wp-json\/wp\/v2\/comments?post=935"}],"version-history":[{"count":2,"href":"https:\/\/neesanctuary.co.uk\/pl\/wp-json\/wp\/v2\/pages\/935\/revisions"}],"predecessor-version":[{"id":945,"href":"https:\/\/neesanctuary.co.uk\/pl\/wp-json\/wp\/v2\/pages\/935\/revisions\/945"}],"wp:attachment":[{"href":"https:\/\/neesanctuary.co.uk\/pl\/wp-json\/wp\/v2\/media?parent=935"}],"curies":[{"name":"wp","href":"https:\/\/api.w.org\/{rel}","templated":true}]}}