{"id":899,"date":"2024-09-10T08:01:08","date_gmt":"2024-09-10T08:01:08","guid":{"rendered":"https:\/\/neesanctuary.co.uk\/em-cawa-dikarin-pistgiriya-we-bikin\/1-ber-1-pistgiri\/"},"modified":"2024-10-25T10:00:44","modified_gmt":"2024-10-25T10:00:44","slug":"1-ber-1-pistgiri","status":"publish","type":"page","link":"https:\/\/neesanctuary.co.uk\/ku\/em-cawa-dikarin-pistgiriya-we-bikin\/1-ber-1-pistgiri\/","title":{"rendered":"1 ber 1 Pi\u015ftgir\u00ee"},"content":{"rendered":"\n\n\t<section class=\"section xsmall-top-p\" id=\"section_925561744\">\n\t\t<div class=\"section-bg fill\" >\n\t\t\t\t\t\t\t\t\t\n\t\t\t\n\n\t\t<\/div>\n\n\t\t\n\n\t\t<div class=\"section-content relative\">\n\t\t\t\n\n<div class=\"row\"  id=\"row-1897327388\">\n\n\n\t<div id=\"col-1833459867\" class=\"col pb--15 small-12 large-12\"  >\n\t\t\t\t<div class=\"col-inner\"  >\n\t\t\t\n\t\t\t<nav class=\"breadcrumb\"><a class=\"rd-iconbox flex--jc-s\" href=\"https:\/\/neesanctuary.co.uk\/ku\/em-cawa-dikarin-pistgiriya-we-bikin\/\"><i class=\"back-btn dark\"><\/i><p class=\"fw-bo uppercase underline\">Em \u00c7awa Dikarin Pi\u015ftgiriya We Bikin<\/p><\/a><\/nav>\n\n\n\n\n\n\n\t\t<\/div>\n\t\t\t\t\t<\/div>\n\n\t\n\n\t<div id=\"col-1418877216\" class=\"col pb--0 small-12 large-12\"  >\n\t\t\t\t<div class=\"col-inner\"  >\n\t\t\t\n\t\t\t\n\n<h1 class=\"fs-48 fw-bo\">1 ber 1 Pi\u015ftgir\u00ee<\/h1>\n\n\t\t<\/div>\n\t\t\t\t\t<\/div>\n\n\t\n\n<\/div>\n\n\t\t<\/div>\n\n\t\t\n<style>\n#section_925561744 {\n  padding-top: 30px;\n  padding-bottom: 30px;\n  background-color: rgb(250, 183, 165);\n}\n<\/style>\n\t<\/section>\n\t\n\n\t<section class=\"section top-pseudo-nm top-pseudo-pink norm-bot-p\" id=\"section_1889817977\">\n\t\t<div class=\"section-bg fill\" >\n\t\t\t\t\t\t\t\t\t\n\t\t\t\n\n\t\t<\/div>\n\n\t\t\n\n\t\t<div class=\"section-content relative\">\n\t\t\t\n\n<div class=\"row align-bottom\"  id=\"row-1759602776\">\n\n\n\t<div id=\"col-1868296617\" class=\"col pb--0 medium-12 small-12 large-5\"  >\n\t\t\t\t<div class=\"col-inner\"  >\n\t\t\t\n\t\t\t\n\n<h2>Li Par\u00eazgeha Bakur\u00ea Rojhilat\u00ea Essex, em 1 ber 1 Pi\u015ftgiriy\u00ea p\u00ea\u015fk\u00ea\u015f dikin.<\/h2>\n<p>Em dizanin ku gava ku h\u00fbn bi qeyranek tenduristiya der\u00fbn\u00ee re r\u00fb bi r\u00fb bim\u00eenin girtina l\u00eanih\u00ear\u00eena kesane, pi\u015ftgir\u00ee p\u00eadiv\u00ee ye.  <\/p>\n<p>Pi\u015ftgiriya meya 1 \u00fb 1 li gor\u00ee hewcedariy\u00ean we hat\u00ee \u00e7\u00eakirin \u00fb plansaziya pi\u015ftgiriy\u00ea \u00fb bang\u00ean bir\u00eak\u00fbp\u00eak digire da ku h\u00fbn di t\u00eakiliy\u00ea de bim\u00eenin, heke ev ti\u015ftek hewcedariya we be.<\/p>\n<p>Pi\u015ftgiriya meya 1 heta 1 di heftey\u00ea de 7 roj\u00ean 10:00 &#8211; 23:00 vekir\u00ee ye.<\/p>\n<p><em><strong>Ji kerema xwe bala xwe bidin-Em ten\u00ea dikarin pi\u015ftgir\u00ee bidin kes\u00ean ji 18 sal\u00ee mezintir.<\/strong><\/em><\/p>\n\t<div id=\"gap-1481356249\" class=\"gap-element clearfix\" style=\"display:block; height:auto;\">\n\t\t\n<style>\n#gap-1481356249 {\n  padding-top: 100px;\n}\n<\/style>\n\t<\/div>\n\t\n\n\t<div id=\"gap-154242862\" class=\"gap-element clearfix\" style=\"display:block; height:auto;\">\n\t\t\n<style>\n#gap-154242862 {\n  padding-top: 15px;\n}\n<\/style>\n\t<\/div>\n\t\n\n<a href=\"https:\/\/neesanctuary.co.uk\/refer-yourself\/\" class=\"button secondary\"  style=\"border-radius:99px;\">\n\t\t<span>Xwe Refer bikin<\/span>\n\t<\/a>\n\n\n<a href=\"https:\/\/neesanctuary.co.uk\/community-referral\/\" class=\"button secondary\"  style=\"border-radius:99px;\">\n\t\t<span>Referral Civak\u00ee<\/span>\n\t<\/a>\n\n\n\n\t\t<\/div>\n\t\t\t\t\t<\/div>\n\n\t\n\n\t<div id=\"col-1890500310\" class=\"col pb--0 medium-12 small-12 large-7 medium-col-first\"  >\n\t\t\t\t<div class=\"col-inner\"  >\n\t\t\t\n\t\t\t\n\n\n  <div class=\"banner has-hover br--12 of-h\" id=\"banner-252315219\">\n          <div class=\"banner-inner fill\">\n        <div class=\"banner-bg fill\" >\n            <img loading=\"lazy\" decoding=\"async\" width=\"1020\" height=\"679\" src=\"https:\/\/neesanctuary.co.uk\/wp-content\/uploads\/2024\/10\/1-to-1-support--1024x682.jpeg\" class=\"bg attachment-large size-large\" alt=\"\" \/>                                    \n                    <\/div>\n\t\t\n        <div class=\"banner-layers container\">\n            <div class=\"fill banner-link\"><\/div>            \n\n   <div id=\"text-box-728222913\" class=\"text-box banner-layer x50 md-x50 lg-x50 y50 md-y50 lg-y50 res-text\">\n                                <div class=\"text-box-content text dark\">\n              \n              <div class=\"text-inner text-center\">\n                  \n\n\n              <\/div>\n           <\/div>\n                            \n<style>\n#text-box-728222913 {\n  width: 60%;\n}\n#text-box-728222913 .text-box-content {\n  font-size: 100%;\n}\n@media (min-width:550px) {\n  #text-box-728222913 {\n    width: 60%;\n  }\n}\n<\/style>\n    <\/div>\n \n\n        <\/div>\n      <\/div>\n\n            \n<style>\n#banner-252315219 {\n  padding-top: 89%;\n}\n#banner-252315219 .banner-bg img {\n  object-position: 50% 50%;\n}\n<\/style>\n  <\/div>\n\n\n\t<div id=\"gap-859820952\" class=\"gap-element clearfix show-for-medium\" style=\"display:block; height:auto;\">\n\t\t\n<style>\n#gap-859820952 {\n  padding-top: 30px;\n}\n<\/style>\n\t<\/div>\n\t\n\n\n\t\t<\/div>\n\t\t\t\t\t<\/div>\n\n\t\n\n<\/div>\n\n\t\t<\/div>\n\n\t\t\n<style>\n#section_1889817977 {\n  padding-top: 30px;\n  padding-bottom: 30px;\n  background-color: rgb(254, 241, 237);\n}\n<\/style>\n\t<\/section>\n\t\n\n\t<section class=\"section norm-p\" id=\"section_845589380\">\n\t\t<div class=\"section-bg fill\" >\n\t\t\t\t\t\t\t\t\t\n\t\t\t\n\n\t\t<\/div>\n\n\t\t\n\n\t\t<div class=\"section-content relative\">\n\t\t\t\n\n<div class=\"row\"  id=\"row-924666783\">\n\n\n\t<div id=\"col-867233253\" class=\"col pb--0 small-12 large-12\"  >\n\t\t\t\t<div class=\"col-inner\"  >\n\t\t\t\n\t\t\t\n\n\n\t\t<\/div>\n\t\t\t\t\t<\/div>\n\n\t\n\n<\/div>\n\n\t\t<\/div>\n\n\t\t\n<style>\n#section_845589380 {\n  padding-top: 30px;\n  padding-bottom: 30px;\n  background-color: rgb(250, 183, 165);\n}\n<\/style>\n\t<\/section>\n\t\n\n\t<section class=\"section small-top-norm-bot-p\" id=\"section_177930656\">\n\t\t<div class=\"section-bg fill\" >\n\t\t\t\t\t\t\t\t\t\n\t\t\t\n\n\t\t<\/div>\n\n\t\t\n\n\t\t<div class=\"section-content relative\">\n\t\t\t\n\n\t<div id=\"gap-939371094\" class=\"gap-element clearfix norm-top-p\" style=\"display:block; height:auto;\">\n\t\t\n<style>\n#gap-939371094 {\n  padding-top: 30px;\n}\n<\/style>\n\t<\/div>\n\t\n\n<div class=\"row align-middle\"  id=\"row-1812812677\">\n\n\n\t<div id=\"col-835435700\" class=\"col pb--0 medium-12 small-12 large-7 medium-col-first\"  >\n\t\t\t\t<div class=\"col-inner\"  >\n\t\t\t\n\t\t\t\n\n\n  <div class=\"banner has-hover br--12 of-h\" id=\"banner-219700904\">\n          <div class=\"banner-inner fill\">\n        <div class=\"banner-bg fill\" >\n            <img loading=\"lazy\" decoding=\"async\" width=\"1020\" height=\"679\" src=\"https:\/\/neesanctuary.co.uk\/wp-content\/uploads\/2024\/10\/Telephone-1024x682.jpeg\" class=\"bg attachment-large size-large\" alt=\"\" \/>                                    \n                    <\/div>\n\t\t\n        <div class=\"banner-layers container\">\n            <div class=\"fill banner-link\"><\/div>            \n\n   <div id=\"text-box-338364833\" class=\"text-box banner-layer x50 md-x50 lg-x50 y50 md-y50 lg-y50 res-text\">\n                                <div class=\"text-box-content text dark\">\n              \n              <div class=\"text-inner text-center\">\n                  \n\n\n              <\/div>\n           <\/div>\n                            \n<style>\n#text-box-338364833 {\n  width: 60%;\n}\n#text-box-338364833 .text-box-content {\n  font-size: 100%;\n}\n@media (min-width:550px) {\n  #text-box-338364833 {\n    width: 60%;\n  }\n}\n<\/style>\n    <\/div>\n \n\n        <\/div>\n      <\/div>\n\n            \n<style>\n#banner-219700904 {\n  padding-top: 65%;\n}\n<\/style>\n  <\/div>\n\n\n\t<div id=\"gap-1595102913\" class=\"gap-element clearfix show-for-medium\" style=\"display:block; height:auto;\">\n\t\t\n<style>\n#gap-1595102913 {\n  padding-top: 30px;\n}\n<\/style>\n\t<\/div>\n\t\n\n\n\t\t<\/div>\n\t\t\t\t\t<\/div>\n\n\t\n\n\t<div id=\"col-1823247300\" class=\"col pb--0 medium-12 small-12 large-5\"  >\n\t\t\t\t<div class=\"col-inner\"  >\n\t\t\t\n\t\t\t\n\n\t<div id=\"text-1141948235\" class=\"text max--w-380\">\n\t\t\n\n<h2 class=\"fs-32 fw-bo\">Bang\u00ean T\u00eakil\u00ee Dim\u00eenin<\/h2>\n\t\t\t<\/div>\n\t\n\t<div id=\"text-891280025\" class=\"text max--w-380 max--w-unset-mid\">\n\t\t\n\n<p>Em \u00ea t\u00eakiliya xwe bidom\u00eenin.<\/p>\n<p>Dema ku mirov\u00ean 1 heta 1 Pi\u015ftgiriy\u00ea bikin, em \u00ea di tevahiya p\u00eavajoy\u00ea de t\u00eakiliy\u00ea deynin. Bang\u00ean Me y\u00ean T\u00eakildar Dim\u00eenin dikarin ji mirovan re bibin al\u00eekar ku xwe pi\u015ftgir\u00ee \u00fb gir\u00eadan h\u00ees bikin. <\/p>\n\t\t\t<\/div>\n\t\n\t<div id=\"gap-906445716\" class=\"gap-element clearfix\" style=\"display:block; height:auto;\">\n\t\t\n<style>\n#gap-906445716 {\n  padding-top: 15px;\n}\n<\/style>\n\t<\/div>\n\t\n\n\n\t\t<\/div>\n\t\t\t\t\t<\/div>\n\n\t\n\n<\/div>\n\n\t\t<\/div>\n\n\t\t\n<style>\n#section_177930656 {\n  padding-top: 30px;\n  padding-bottom: 30px;\n  background-color: rgb(254, 241, 237);\n}\n<\/style>\n\t<\/section>\n\t\n\n\t<section class=\"section norm-p\" id=\"section_1833970390\">\n\t\t<div class=\"section-bg fill\" >\n\t\t\t\t\t\t\t\t\t\n\t\t\t\n\n\t\t<\/div>\n\n\t\t\n\n\t\t<div class=\"section-content relative\">\n\t\t\t\n\n<div class=\"row align-middle\"  id=\"row-1235985009\">\n\n\n\t<div id=\"col-1607103240\" class=\"col pb--0 medium-12 small-12 large-5\"  >\n\t\t\t\t<div class=\"col-inner\"  >\n\t\t\t\n\t\t\t\n\n<h2 class=\"fs-32 fw-bo\">P\u00ea\u015fve\u00e7\u00fbna Plana Pi\u015ftgiriy\u00ea<\/h2>\n\t<div id=\"text-3166753487\" class=\"text max--w-380 max--w-unset-mid\">\n\t\t\n\n<p>Em f\u00eam dikin ku tenduristiya der\u00fbn\u00ee ya her kes\u00ee c\u00fbda ye. Ji ber v\u00ea yek\u00ea em bi mirovan re dixebitin ku Plan\u00ean Pi\u015ftgiriya Kesane \u00e7\u00eabikin. <\/p>\n<p><br>Planek pi\u015ftgir\u00ee hat\u00ee \u00e7\u00eakirin ku ji mirovan re bibe al\u00eekar ku bigih\u00eejin armanc\u00ean xwe, da ku ew tenduristiya der\u00fbn\u00ee ya xwe bir\u00eave bibin \u00fb ba\u015f bij\u00een.<\/p>\n\t\t\t<\/div>\n\t\n\t<div id=\"gap-1594165915\" class=\"gap-element clearfix\" style=\"display:block; height:auto;\">\n\t\t\n<style>\n#gap-1594165915 {\n  padding-top: 15px;\n}\n<\/style>\n\t<\/div>\n\t\n\n\n\t\t<\/div>\n\t\t\t\t\t<\/div>\n\n\t\n\n\t<div id=\"col-1846804685\" class=\"col pb--0 medium-12 small-12 large-7 medium-col-first\"  >\n\t\t\t\t<div class=\"col-inner\"  >\n\t\t\t\n\t\t\t\n\n\n  <div class=\"banner has-hover br--12 of-h\" id=\"banner-1451136282\">\n          <div class=\"banner-inner fill\">\n        <div class=\"banner-bg fill\" >\n            <img loading=\"lazy\" decoding=\"async\" width=\"1020\" height=\"691\" src=\"https:\/\/neesanctuary.co.uk\/wp-content\/uploads\/2024\/09\/portrait3-1024x694.jpg\" class=\"bg attachment-large size-large\" alt=\"\" \/>                                    \n                    <\/div>\n\t\t\n        <div class=\"banner-layers container\">\n            <div class=\"fill banner-link\"><\/div>            \n\n   <div id=\"text-box-298380292\" class=\"text-box banner-layer x50 md-x50 lg-x50 y50 md-y50 lg-y50 res-text\">\n                                <div class=\"text-box-content text dark\">\n              \n              <div class=\"text-inner text-center\">\n                  \n\n\n              <\/div>\n           <\/div>\n                            \n<style>\n#text-box-298380292 {\n  width: 60%;\n}\n#text-box-298380292 .text-box-content {\n  font-size: 100%;\n}\n@media (min-width:550px) {\n  #text-box-298380292 {\n    width: 60%;\n  }\n}\n<\/style>\n    <\/div>\n \n\n        <\/div>\n      <\/div>\n\n            \n<style>\n#banner-1451136282 {\n  padding-top: 65%;\n}\n<\/style>\n  <\/div>\n\n\n\t<div id=\"gap-1294822813\" class=\"gap-element clearfix show-for-medium\" style=\"display:block; height:auto;\">\n\t\t\n<style>\n#gap-1294822813 {\n  padding-top: 30px;\n}\n<\/style>\n\t<\/div>\n\t\n\n\n\t\t<\/div>\n\t\t\t\t\t<\/div>\n\n\t\n\n<\/div>\n\n\t\t<\/div>\n\n\t\t\n<style>\n#section_1833970390 {\n  padding-top: 30px;\n  padding-bottom: 30px;\n}\n<\/style>\n\t<\/section>\n\t\n\n\t<section class=\"section large-p\" id=\"section_336809620\">\n\t\t<div class=\"section-bg fill\" >\n\t\t\t\t\t\t\t\t\t\n\t\t\t\n\n\t\t<\/div>\n\n\t\t\n\n\t\t<div class=\"section-content relative\">\n\t\t\t\n\n<div class=\"row\"  id=\"row-1763843914\">\n\n\n\t<div id=\"col-326452650\" class=\"col pb--0 small-12 large-12\"  >\n\t\t\t\t<div class=\"col-inner text-center\"  >\n\t\t\t\n\t\t\t\n\n\t<div id=\"text-441165177\" class=\"text max--w-1000 max--w-center\">\n\t\t\n\n<h2 class=\"fs-32 fw-bo\">Veguhastina Pi\u015ftgiriya Civak\u00ee<\/h2>\n\t\t\n<style>\n#text-441165177 {\n  text-align: center;\n}\n<\/style>\n\t<\/div>\n\t\n\t<div id=\"gap-839380813\" class=\"gap-element clearfix\" style=\"display:block; height:auto;\">\n\t\t\n<style>\n#gap-839380813 {\n  padding-top: 15px;\n}\n<\/style>\n\t<\/div>\n\t\n\n\t<div id=\"text-2403929214\" class=\"text max--w-1000 max--w-center\">\n\t\t\n\n<p>Em ji bo tenduristiya der\u00fbn\u00ee ya ba\u015f h\u00eav\u00ee \u00fb pi\u015ftgir\u00ee p\u00ea\u015fk\u00ea\u015f dikin, \u00fb ev yek pi\u015ft\u00ee ku kesek bigih\u00eeje kar\u00fbbar\u00ea meya Pi\u015ftgiriya 1 ber 1 berdewam dike.<\/p>\n<p>Ji pi\u015ftevaniya kr\u00eez\u00ea w\u00eadetir, em \u00e7alakiyan p\u00ea\u015fk\u00ea\u015f\u00ee we dikin ku ji we re bibin al\u00eekar ku h\u00fbn bi civaka xwe re t\u00eakildar \u00fb t\u00eakildar bim\u00eenin. \u00c7i bi r\u00eaya Qehwexaney\u00ean me y\u00ean Bi x\u00ear hat\u00ee, kom\u00ean hevaltiy\u00ea, an j\u00ee dani\u015f\u00een\u00ean pi\u015ftgiriy\u00ea be, ev \u00e7alak\u00ee ji bo ba\u015fb\u00fbna weya gi\u015ft\u00ee z\u00eade bikin \u00fb ji we re bibin al\u00eekar ku h\u00fbn bi k\u00ea\u015fey\u00ean jiyan\u00ea re r\u00fbbir\u00fb bibin. <\/p>\n<p>Pi\u015ftgiriya meya Xwe\u015fiya Civak\u00ee ji bo her kes\u00ea ku ji 18 sal\u00ee mezintir e, ku li Colchester an Tendring dij\u00ee, peyda dibe.<\/p>\n<p>Ev xizmet di navbera 10.00 &#8211; 20.00, 7 roj\u00ean heftey\u00ea de vekir\u00ee ye.<\/p>\n\t\t\n<style>\n#text-2403929214 {\n  text-align: center;\n}\n<\/style>\n\t<\/div>\n\t\n<a href=\"https:\/\/neesanctuary.co.uk\/get-support\/community-wellbeing-support\/\" class=\"button primary\"  style=\"border-radius:99px;\">\n\t\t<span>Di derbar\u00ea Kar\u00fbbar\u00ean Xwe\u015fiya Civak\u00ea de b\u00eatir f\u00ear bibin<\/span>\n\t<\/a>\n\n\n\n\t\t<\/div>\n\t\t\t\t\t<\/div>\n\n\t\n\n<\/div>\n\n\t\t<\/div>\n\n\t\t\n<style>\n#section_336809620 {\n  padding-top: 30px;\n  padding-bottom: 30px;\n  background-color: rgb(250, 183, 165);\n}\n<\/style>\n\t<\/section>\n\t\n\n","protected":false},"excerpt":{"rendered":"","protected":false},"author":1,"featured_media":0,"parent":894,"menu_order":0,"comment_status":"closed","ping_status":"closed","template":"page-blank.php","meta":{"footnotes":""},"class_list":["post-899","page","type-page","status-publish","hentry"],"acf":[],"_links":{"self":[{"href":"https:\/\/neesanctuary.co.uk\/ku\/wp-json\/wp\/v2\/pages\/899","targetHints":{"allow":["GET"]}}],"collection":[{"href":"https:\/\/neesanctuary.co.uk\/ku\/wp-json\/wp\/v2\/pages"}],"about":[{"href":"https:\/\/neesanctuary.co.uk\/ku\/wp-json\/wp\/v2\/types\/page"}],"author":[{"embeddable":true,"href":"https:\/\/neesanctuary.co.uk\/ku\/wp-json\/wp\/v2\/users\/1"}],"replies":[{"embeddable":true,"href":"https:\/\/neesanctuary.co.uk\/ku\/wp-json\/wp\/v2\/comments?post=899"}],"version-history":[{"count":1,"href":"https:\/\/neesanctuary.co.uk\/ku\/wp-json\/wp\/v2\/pages\/899\/revisions"}],"predecessor-version":[{"id":900,"href":"https:\/\/neesanctuary.co.uk\/ku\/wp-json\/wp\/v2\/pages\/899\/revisions\/900"}],"up":[{"embeddable":true,"href":"https:\/\/neesanctuary.co.uk\/ku\/wp-json\/wp\/v2\/pages\/894"}],"wp:attachment":[{"href":"https:\/\/neesanctuary.co.uk\/ku\/wp-json\/wp\/v2\/media?parent=899"}],"curies":[{"name":"wp","href":"https:\/\/api.w.org\/{rel}","templated":true}]}}