{"id":894,"date":"2024-09-05T13:29:20","date_gmt":"2024-09-05T13:29:20","guid":{"rendered":"https:\/\/neesanctuary.co.uk\/em-cawa-dikarin-pistgiriya-we-bikin\/"},"modified":"2024-10-25T09:50:28","modified_gmt":"2024-10-25T09:50:28","slug":"em-cawa-dikarin-pistgiriya-we-bikin","status":"publish","type":"page","link":"https:\/\/neesanctuary.co.uk\/ku\/em-cawa-dikarin-pistgiriya-we-bikin\/","title":{"rendered":"Em \u00c7awa Dikarin Pi\u015ftgiriya We Bikin"},"content":{"rendered":"\n\n\t<section class=\"section norm-p\" id=\"section_1192831559\">\n\t\t<div class=\"section-bg fill\" >\n\t\t\t<img loading=\"lazy\" decoding=\"async\" width=\"1280\" height=\"853\" src=\"https:\/\/neesanctuary.co.uk\/wp-content\/uploads\/2024\/10\/How-we-can-help-image.jpeg\" class=\"bg attachment-original size-original\" alt=\"\" \/>\t\t\t\t\t\t<div class=\"section-bg-overlay absolute fill\"><\/div>\n\t\t\t\n\n\t\t<\/div>\n\n\t\t\n\n\t\t<div class=\"section-content relative\">\n\t\t\t\n\n\n\t\t<\/div>\n\n\t\t\n<style>\n#section_1192831559 {\n  padding-top: 30px;\n  padding-bottom: 30px;\n  min-height: 45vmin;\n}\n#section_1192831559 .section-bg-overlay {\n  background-color: rgba(0,0,0,.5);\n}\n#section_1192831559 .section-bg img {\n  object-position: 45% 53%;\n}\n<\/style>\n\t<\/section>\n\t\n\n\t<section class=\"section norm-p\" id=\"section_1505394179\">\n\t\t<div class=\"section-bg fill\" >\n\t\t\t\t\t\t\t\t\t\n\t\t\t\n\n\t\t<\/div>\n\n\t\t\n\n\t\t<div class=\"section-content relative\">\n\t\t\t\n\n<div class=\"row row-large align-middle\"  id=\"row-1478385625\">\n\n\n\t<div id=\"col-2118831344\" class=\"col pb--0 medium-12 small-12 large-12\"  >\n\t\t\t\t<div class=\"col-inner\"  >\n\t\t\t\n\t\t\t\n\n\t<div id=\"text-4271024848\" class=\"text\">\n\t\t\n\n<h1 class=\"fs-32\">Sanctuary c\u00eehek aram, dilovan p\u00ea\u015fk\u00ea\u015f\u00ee we dike ku ji we re bibe al\u00eekar ku h\u00fbn tenduristiya xweya der\u00fbn\u00ee bir\u00eave bibin.<\/h1>\n<p class=\"fs-21\">Em pi\u015ftgiriya prat\u00eek \u00fb hestyar\u00ee, 7 roj\u00ean heftey\u00ea, 365 roj\u00ean sal\u00ea p\u00ea\u015fk\u00ea\u015f dikin.<\/p>\n<p>Ma h\u00fbn dixwazin bi\u00e7in serdana yek ji Kafey\u00ean me y\u00ean Bi x\u00ear hat\u00ee, bigih\u00eejin pi\u015ftgir\u00eeya hevalan an j\u00ee h\u00fbn hewcey\u00ea l\u00eanih\u00ear\u00eena lezg\u00een bin, em li vir in ku al\u00eekariy\u00ea bikin. Dema ku h\u00fbn hewcey\u00ea pi\u015ftgiriy\u00ea bin h\u00fbn dikarin xwe ser\u00ee li kar\u00fbbar\u00ea me bidin. <\/p>\n<p>Ten\u00ea bi t\u00ealefon, e-name, an bi riya malpera me bi me re bigih\u00eejin, \u00fb em \u00ea li wir bibin al\u00eekar.<\/p>\n<p>P\u00eavajoya me h\u00easan e, p\u00ea ewle dike ku h\u00fbn dikarin z\u00fb al\u00eekariya ku h\u00fbn hewce ne bist\u00eenin.<\/p>\n\t\t\n<style>\n#text-4271024848 {\n  text-align: center;\n}\n<\/style>\n\t<\/div>\n\t\n\t<div id=\"gap-1739679964\" class=\"gap-element clearfix\" style=\"display:block; height:auto;\">\n\t\t\n<style>\n#gap-1739679964 {\n  padding-top: 15px;\n}\n<\/style>\n\t<\/div>\n\t\n\n\n\t\t<\/div>\n\t\t\t\t\t<\/div>\n\n\t\n\n<\/div>\n\n\t\t<\/div>\n\n\t\t\n<style>\n#section_1505394179 {\n  padding-top: 30px;\n  padding-bottom: 30px;\n}\n<\/style>\n\t<\/section>\n\t\n<span class=\"scroll-to\" data-label=\"Scroll to: #community-wellbeing-support\" data-bullet=\"false\" data-link=\"#community-wellbeing-support\" data-title=\"community-wellbeing-support\" ><a name=\"community-wellbeing-support\"><\/a><\/span>\n\n\n\t<section class=\"section small-p\" id=\"section_1563573730\">\n\t\t<div class=\"section-bg fill\" >\n\t\t\t\t\t\t\t\t\t\n\t\t\t\n\n\t\t<\/div>\n\n\t\t\n\n\t\t<div class=\"section-content relative\">\n\t\t\t\n\n<div class=\"row\"  id=\"row-1197472945\">\n\n\n\t<div id=\"col-856567486\" class=\"col small-12 large-12\"  >\n\t\t\t\t<div class=\"col-inner\"  >\n\t\t\t\n\t\t\t\n\n<div class=\"row align-middle\"  id=\"row-800196200\">\n\n\n\t<div id=\"col-1875569340\" class=\"col pb--0 medium-12 small-12 large-7 medium-col-first\"  >\n\t\t\t\t<div class=\"col-inner\"  >\n\t\t\t\n\t\t\t\n\n\n  <div class=\"banner has-hover br--12 of-h has-parallax\" id=\"banner-1923487957\">\n          <div class=\"banner-inner fill\">\n        <div class=\"banner-bg fill\" data-parallax=\"-1\" data-parallax-container=\".banner\" data-parallax-background>\n            <img loading=\"lazy\" decoding=\"async\" width=\"1020\" height=\"679\" src=\"https:\/\/neesanctuary.co.uk\/wp-content\/uploads\/2024\/10\/Community-events-1024x682.jpeg\" class=\"bg attachment-large size-large\" alt=\"\" \/>                                    \n                    <\/div>\n\t\t\n        <div class=\"banner-layers container\">\n            <div class=\"fill banner-link\"><\/div>            \n\n   <div id=\"text-box-1048443678\" class=\"text-box banner-layer x50 md-x50 lg-x50 y50 md-y50 lg-y50 res-text\">\n                                <div class=\"text-box-content text dark\">\n              \n              <div class=\"text-inner text-center\">\n                  \n\n\n              <\/div>\n           <\/div>\n                            \n<style>\n#text-box-1048443678 {\n  width: 60%;\n}\n#text-box-1048443678 .text-box-content {\n  font-size: 100%;\n}\n@media (min-width:550px) {\n  #text-box-1048443678 {\n    width: 60%;\n  }\n}\n<\/style>\n    <\/div>\n \n\n        <\/div>\n      <\/div>\n\n            \n<style>\n#banner-1923487957 {\n  padding-top: 65%;\n}\n#banner-1923487957 .banner-bg img {\n  object-position: 50% 50%;\n}\n<\/style>\n  <\/div>\n\n\n\t<div id=\"gap-1921121779\" class=\"gap-element clearfix show-for-medium\" style=\"display:block; height:auto;\">\n\t\t\n<style>\n#gap-1921121779 {\n  padding-top: 30px;\n}\n<\/style>\n\t<\/div>\n\t\n\n\n\t\t<\/div>\n\t\t\t\t\t<\/div>\n\n\t\n\n\t<div id=\"col-1718962153\" class=\"col pb--0 medium-12 small-12 large-5\"  >\n\t\t\t\t<div class=\"col-inner\"  >\n\t\t\t\n\t\t\t\n\n<h2 class=\"fs-32 fw-bo\">Pi\u015ftgiriya Civak\u00ee &amp; B\u00fbyer<\/h2>\n<p>Gava ku em ji tenduristiya xweya der\u00fbn\u00ee ditirsin, gih\u00ee\u015ftina h\u00easan a mijar\u00ean pi\u015ftgiriy\u00ea.<\/p>\n<p>Heke h\u00fbn dixwazin bi kar\u00fbbar\u00ean pi\u015ftevaniya her\u00eam\u00ee re t\u00eakil\u00ee daynin an f\u00ear bibin ka \u00e7i b\u00fbyer li devera we diqewimin, em dikarin al\u00eekariy\u00ea bikin.<\/p>\n<p>Pi\u015ftgiriya meya Xwe\u015fiya Civak\u00ee ji bo her kes\u00ea ku ji 18 sal\u00ee mezintir e, ku li Colchester an Tendring dij\u00ee, peyda dibe.<\/p>\n<p>Em heftey\u00ea 7 roj\u00ean saet di navbera 10.00 &#8211; 20.00 de vekir\u00ee ne.<br>  H\u00fbn dikarin \u00eero xwe bi\u015fop\u00eenin.<\/p>\n\t<div id=\"stack-242233768\" class=\"stack stack-row justify-start items-stretch\">\n\t\t\n\n\t<div id=\"text-2647815791\" class=\"text\">\n\t\t\n\n<ul>\n<li>Bi x\u00ear hat\u00ee Kafe<\/li>\n<li>Kom\u00ean Dostaniy\u00ea<\/li>\n<li>P\u00ea\u015fniyarkirina Civak\u00ee<\/li>\n<li>Kom\u00ean Civak\u00ee<\/li>\n<\/ul>\n\t\t\t<\/div>\n\t\n\t<div id=\"text-123156581\" class=\"text\">\n\t\t\n\n<ul>\n<li>Derfet\u00ean Perwerde \/ Perwerdehiy\u00ea<\/li>\n<li>Pi\u015ftgiriya Prat\u00eek  <\/li>\n<li>\u00c7alakiy\u00ean F\u00eez\u00eek\u00ee<\/li>\n<li>Kom\u00ean \u00c7and\u00ee<\/li>\n<\/ul>\n\t\t\t<\/div>\n\t\n\n\t\t\n<style>\n#stack-242233768 > * {\n  --stack-gap: 1rem;\n}\n<\/style>\n\t<\/div>\n\t\n\t<div id=\"gap-1274500531\" class=\"gap-element clearfix\" style=\"display:block; height:auto;\">\n\t\t\n<style>\n#gap-1274500531 {\n  padding-top: 15px;\n}\n<\/style>\n\t<\/div>\n\t\n\n<a href=\"https:\/\/neesanctuary.co.uk\/get-support\/community-wellbeing-support\/\" class=\"button secondary mb--0\"  style=\"border-radius:99px;\">\n\t\t<span>Z\u00eadetir f\u00ear bibin<\/span>\n\t<\/a>\n\n\n\n\t\t<\/div>\n\t\t\t\t\t<\/div>\n\n\t\n\n<\/div>\n\n\t\t<\/div>\n\t\t\t\t\t<\/div>\n\n\t\n\n<\/div>\n\n\t\t<\/div>\n\n\t\t\n<style>\n#section_1563573730 {\n  padding-top: 30px;\n  padding-bottom: 30px;\n  background-color: rgb(232, 243, 241);\n}\n<\/style>\n\t<\/section>\n\t\n\n\t<section class=\"section norm-p\" id=\"section_383631957\">\n\t\t<div class=\"section-bg fill\" >\n\t\t\t\t\t\t\t\t\t\n\t\t\t\n\n\t\t<\/div>\n\n\t\t\n\n\t\t<div class=\"section-content relative\">\n\t\t\t\n\n<div class=\"row row-large align-middle\"  id=\"row-808070871\">\n\n\n\t<div id=\"col-1569355352\" class=\"col pb--0 medium-12 small-12 large-5\"  >\n\t\t\t\t<div class=\"col-inner\"  >\n\t\t\t\n\t\t\t\n\n<h2 class=\"fs-32 fw-bo\">1 ber 1 Pi\u015ftgir\u00ee<\/h2>\n<p>Em dizanin ku gava ku h\u00fbn bi qeyranek tenduristiya giyan\u00ee re r\u00fb bi r\u00fb ne, destek girtina z\u00fb dikare c\u00fbdahiyek \u00e7\u00eabike. Kar\u00fbbar\u00ea meya Pi\u015ftgiriya 1-1-\u00ea ar\u00eekariya kesane \u00fb gih\u00ee\u015ftina kar\u00fbbar\u00ean bextewariy\u00ea p\u00ea\u015fk\u00ea\u015f\u00ee dike. <\/p>\n<p>Pi\u015ftgiriya meya 1 heta 1 ji her kes\u00ea ji 18 sal\u00ee mezintir re heye, ku li Colchester an Tendring dij\u00ee.<\/p>\n<p>Em heftey\u00ea 7 roj\u00ean saet di navbera 10.00 &#8211; 23.00 de vekir\u00ee ne.<\/p>\n<p>Serl\u00eadan dikarin ji h\u00eala pispor\u00ean tenduristiy\u00ea an civak\u00ea ve b\u00eane kirin.<\/p>\n<ul>\n<li>Bang\u00ean T\u00eakil\u00ee Dim\u00eenin<\/li>\n<li>P\u00ea\u015fve\u00e7\u00fbna Plana Pi\u015ftgiriy\u00ea<\/li>\n<li>Veguhastina Pi\u015ftgiriya Civak\u00ee<\/li>\n<li>Gih\u00ee\u015ftina Pi\u015ftgiriya Peer<\/li>\n<\/ul>\n\n\t<div id=\"gap-1556579363\" class=\"gap-element clearfix\" style=\"display:block; height:auto;\">\n\t\t\n<style>\n#gap-1556579363 {\n  padding-top: 15px;\n}\n<\/style>\n\t<\/div>\n\t\n\n<a href=\"https:\/\/neesanctuary.co.uk\/get-support\/1-to-1-support\/\" class=\"button secondary\"  style=\"border-radius:99px;\">\n\t\t<span>Z\u00eadetir f\u00ear bibin<\/span>\n\t<\/a>\n\n\n\n\t\t<\/div>\n\t\t\t\t\t<\/div>\n\n\t\n\n\t<div id=\"col-708467810\" class=\"col pb--0 medium-12 small-12 large-7 medium-col-first\"  >\n\t\t\t\t<div class=\"col-inner\"  >\n\t\t\t\n\t\t\t\n\n\n  <div class=\"banner has-hover br--12 of-h has-parallax\" id=\"banner-132211672\">\n          <div class=\"banner-inner fill\">\n        <div class=\"banner-bg fill\" data-parallax=\"-1\" data-parallax-container=\".banner\" data-parallax-background>\n            <img loading=\"lazy\" decoding=\"async\" width=\"1020\" height=\"679\" src=\"https:\/\/neesanctuary.co.uk\/wp-content\/uploads\/2024\/10\/1-to-1-support--1024x682.jpeg\" class=\"bg attachment-large size-large\" alt=\"\" \/>                                    \n                    <\/div>\n\t\t\n        <div class=\"banner-layers container\">\n            <div class=\"fill banner-link\"><\/div>            \n\n   <div id=\"text-box-1841066549\" class=\"text-box banner-layer x50 md-x50 lg-x50 y50 md-y50 lg-y50 res-text\">\n                                <div class=\"text-box-content text dark\">\n              \n              <div class=\"text-inner text-center\">\n                  \n\n\n              <\/div>\n           <\/div>\n                            \n<style>\n#text-box-1841066549 {\n  width: 60%;\n}\n#text-box-1841066549 .text-box-content {\n  font-size: 100%;\n}\n@media (min-width:550px) {\n  #text-box-1841066549 {\n    width: 60%;\n  }\n}\n<\/style>\n    <\/div>\n \n\n        <\/div>\n      <\/div>\n\n            \n<style>\n#banner-132211672 {\n  padding-top: 65%;\n}\n#banner-132211672 .banner-bg img {\n  object-position: 50% 50%;\n}\n<\/style>\n  <\/div>\n\n\n\t<div id=\"gap-999067602\" class=\"gap-element clearfix show-for-medium\" style=\"display:block; height:auto;\">\n\t\t\n<style>\n#gap-999067602 {\n  padding-top: 30px;\n}\n<\/style>\n\t<\/div>\n\t\n\n\n\t\t<\/div>\n\t\t\t\t\t<\/div>\n\n\t\n\n\t<div id=\"col-1299453344\" class=\"col blur medium-6 small-12 large-12\"  >\n\t\t\t\t<div class=\"col-inner text-center box-shadow-5-hover dark\" style=\"background-color:#3f7b82;\" >\n\t\t\t\n\t\t\t\n\n\t<div id=\"text-2601051297\" class=\"text\">\n\t\t\n\n<h2 class=\"fs-32 fw-bo\">P\u00eadiv\u00ee bi al\u00eekariy\u00ea heye? Ji xwe re \u00eero bi\u015f\u00eenin. <\/h2>\n\t\t\n<style>\n#text-2601051297 {\n  text-align: center;\n  color: rgb(255, 255, 255);\n}\n#text-2601051297 > * {\n  color: rgb(255, 255, 255);\n}\n<\/style>\n\t<\/div>\n\t\n\n\n<div class=\"rd-iconbox\">\n<i class=\"phone-icon\"><\/i>\n<p class=\"fs-34 fw-bl c-w\"><a href=\"tel:+443003309492\" class=\"no-underline\">0300 330 9492<\/a><\/p>\n<\/div>\n\n\t<div id=\"gap-1521259949\" class=\"gap-element clearfix\" style=\"display:block; height:auto;\">\n\t\t\n<style>\n#gap-1521259949 {\n  padding-top: 10px;\n}\n<\/style>\n\t<\/div>\n\t\n\n<a href=\"\/referrals\/\" class=\"button success lowercase\"  style=\"border-radius:99px;\">\n\t\t<span>Xwe Refer bikin<\/span>\n\t<\/a>\n\n\n<a href=\"\/referrals\/\" class=\"button success lowercase\"  style=\"border-radius:99px;\">\n\t\t<span>Referral Civak\u00ee<\/span>\n\t<\/a>\n\n\n\n\t\t<\/div>\n\t\t\t\t\n<style>\n#col-1299453344 > .col-inner {\n  padding: 30px 30px 20px 30px;\n  margin: 5% 0px 0px 0px;\n  border-radius: 10px;\n}\n<\/style>\n\t<\/div>\n\n\t\n\n<\/div>\n\n\t\t<\/div>\n\n\t\t\n<style>\n#section_383631957 {\n  padding-top: 30px;\n  padding-bottom: 30px;\n}\n<\/style>\n\t<\/section>\n\t\n<span class=\"scroll-to\" data-label=\"Scroll to: #individualised-support\" data-bullet=\"false\" data-link=\"#individualised-support\" data-title=\"individualised-support\" ><a name=\"individualised-support\"><\/a><\/span>\n\n\n\t<section class=\"section norm-p\" id=\"section_1061279080\">\n\t\t<div class=\"section-bg fill\" >\n\t\t\t\t\t\t\t\t\t\n\t\t\t\n\n\t\t<\/div>\n\n\t\t\n\n\t\t<div class=\"section-content relative\">\n\t\t\t\n\n<div class=\"row align-middle\"  id=\"row-211850300\">\n\n\n\t<div id=\"col-1657473555\" class=\"col pb--0 medium-12 small-12 large-7 medium-col-first\"  >\n\t\t\t\t<div class=\"col-inner\"  >\n\t\t\t\n\t\t\t\n\n\n  <div class=\"banner has-hover br--12 of-h has-parallax\" id=\"banner-1430838132\">\n          <div class=\"banner-inner fill\">\n        <div class=\"banner-bg fill\" data-parallax=\"-1\" data-parallax-container=\".banner\" data-parallax-background>\n            <img loading=\"lazy\" decoding=\"async\" width=\"1020\" height=\"795\" src=\"https:\/\/neesanctuary.co.uk\/wp-content\/uploads\/2024\/09\/group1-1024x798.jpg\" class=\"bg attachment-large size-large\" alt=\"\" \/>                                    \n                    <\/div>\n\t\t\n        <div class=\"banner-layers container\">\n            <div class=\"fill banner-link\"><\/div>            \n\n   <div id=\"text-box-717702798\" class=\"text-box banner-layer x50 md-x50 lg-x50 y50 md-y50 lg-y50 res-text\">\n                                <div class=\"text-box-content text dark\">\n              \n              <div class=\"text-inner text-center\">\n                  \n\n\n              <\/div>\n           <\/div>\n                            \n<style>\n#text-box-717702798 {\n  width: 60%;\n}\n#text-box-717702798 .text-box-content {\n  font-size: 100%;\n}\n@media (min-width:550px) {\n  #text-box-717702798 {\n    width: 60%;\n  }\n}\n<\/style>\n    <\/div>\n \n\n        <\/div>\n      <\/div>\n\n            \n<style>\n#banner-1430838132 {\n  padding-top: 65%;\n}\n#banner-1430838132 .banner-bg img {\n  object-position: 50% 50%;\n}\n<\/style>\n  <\/div>\n\n\n\t<div id=\"gap-1038911275\" class=\"gap-element clearfix show-for-medium\" style=\"display:block; height:auto;\">\n\t\t\n<style>\n#gap-1038911275 {\n  padding-top: 30px;\n}\n<\/style>\n\t<\/div>\n\t\n\n\n\t\t<\/div>\n\t\t\t\t\t<\/div>\n\n\t\n\n\t<div id=\"col-899329033\" class=\"col pb--0 medium-12 small-12 large-5\"  >\n\t\t\t\t<div class=\"col-inner\"  >\n\t\t\t\n\t\t\t\n\n<h2 class=\"fs-32 fw-bo\">Ji bo we bi hev re dixebitin<\/h2>\n<p>Sanctuary bi c\u00fbrbec\u00fbr hevalbendan re dixebite da ku h\u00fbn her gav kal\u00eeteya l\u00eanih\u00ear\u00een\u00ea ya her\u00ee bilind bicerib\u00eenin. Em dizanin ku ten\u00ea bi xebata bi hev re, em dikarin pi\u015ftgir\u00ee bidin mirov\u00ean li seranser\u00ea Mid Essex da ku tenduristiya xweya der\u00fbn\u00ee bir\u00eave bibin \u00fb ba\u015f bij\u00een. <br>\n<\/br>Em bi gelek hevkaran re ji n\u00eaz ve dixebitin, di nav de Baweriya Weqfa NHS ya Zan\u00eengeha Hevkariya Essex (EPUT), \u00fb her weha x\u00earxwaz \u00fb r\u00eaxistin\u00ean dilxwaz \u00ean ku ji we re bibin al\u00eekar.<\/p>\n<p>Em her weha bi be\u015f\u00ean ac\u00eel \u00ean her\u00eam\u00ee, t\u00eem\u00ean kr\u00eez\u00ea, \u00fb kar\u00fbbar\u00ean din re dixebitin da ku h\u00fbn p\u00ea ewle bin ku h\u00fbn l\u00eanih\u00ear\u00een \u00fb pi\u015ftgiriya ku h\u00fbn hewce ne bist\u00eenin, gava ku h\u00fbn hewce ne.<\/p>\n<p>Em li vir in ku her gav ji we re bibin al\u00eekar.  <\/p>\n<ul>\n<li>P\u00eavajoya referans\u00ea hevr\u00eaz bikin<\/li>\n<li>R\u00eavebiriya r\u00eesk\u00ea bigirin<\/li>\n<li>Pi\u015ftgiriyek tavil\u00ea p\u00ea\u015fk\u00ea\u015f bikin<\/li>\n<li>Ger hewce be mirovan biguhez\u00eenin 1 ber 1 Pi\u015ftgiriy\u00ea<\/li>\n<\/ul>\n\n\t<div id=\"gap-1481799449\" class=\"gap-element clearfix\" style=\"display:block; height:auto;\">\n\t\t\n<style>\n#gap-1481799449 {\n  padding-top: 15px;\n}\n<\/style>\n\t<\/div>\n\t\n\n<a href=\"https:\/\/neesanctuary.co.uk\/about-us\/\" class=\"button secondary\"  style=\"border-radius:99px;\">\n\t\t<span>Z\u00eadetir f\u00ear bibin<\/span>\n\t<\/a>\n\n\n\n\t\t<\/div>\n\t\t\t\t\t<\/div>\n\n\t\n\n<\/div>\n\n\t\t<\/div>\n\n\t\t\n<style>\n#section_1061279080 {\n  padding-top: 30px;\n  padding-bottom: 30px;\n  background-color: rgb(232, 243, 241);\n}\n<\/style>\n\t<\/section>\n\t\n\n","protected":false},"excerpt":{"rendered":"","protected":false},"author":1,"featured_media":0,"parent":0,"menu_order":0,"comment_status":"closed","ping_status":"closed","template":"page-blank.php","meta":{"footnotes":""},"class_list":["post-894","page","type-page","status-publish","hentry"],"acf":[],"_links":{"self":[{"href":"https:\/\/neesanctuary.co.uk\/ku\/wp-json\/wp\/v2\/pages\/894","targetHints":{"allow":["GET"]}}],"collection":[{"href":"https:\/\/neesanctuary.co.uk\/ku\/wp-json\/wp\/v2\/pages"}],"about":[{"href":"https:\/\/neesanctuary.co.uk\/ku\/wp-json\/wp\/v2\/types\/page"}],"author":[{"embeddable":true,"href":"https:\/\/neesanctuary.co.uk\/ku\/wp-json\/wp\/v2\/users\/1"}],"replies":[{"embeddable":true,"href":"https:\/\/neesanctuary.co.uk\/ku\/wp-json\/wp\/v2\/comments?post=894"}],"version-history":[{"count":1,"href":"https:\/\/neesanctuary.co.uk\/ku\/wp-json\/wp\/v2\/pages\/894\/revisions"}],"predecessor-version":[{"id":896,"href":"https:\/\/neesanctuary.co.uk\/ku\/wp-json\/wp\/v2\/pages\/894\/revisions\/896"}],"wp:attachment":[{"href":"https:\/\/neesanctuary.co.uk\/ku\/wp-json\/wp\/v2\/media?parent=894"}],"curies":[{"name":"wp","href":"https:\/\/api.w.org\/{rel}","templated":true}]}}