{"id":1059,"date":"2024-09-10T12:27:05","date_gmt":"2024-09-10T12:27:05","guid":{"rendered":"https:\/\/neesanctuary.co.uk\/xwe-refer-bikin\/"},"modified":"2026-01-06T15:11:41","modified_gmt":"2026-01-06T15:11:41","slug":"xwe-refer-bikin","status":"publish","type":"page","link":"https:\/\/neesanctuary.co.uk\/ku\/xwe-refer-bikin\/","title":{"rendered":"Xwe Refer bikin"},"content":{"rendered":"\n\n\t<section class=\"section\" id=\"section_517527014\">\n\t\t<div class=\"section-bg fill\" >\n\t\t\t\t\t\t\t\t\t\n\t\t\t\n\n\t\t<\/div>\n\n\t\t\n\n\t\t<div class=\"section-content relative\">\n\t\t\t\n\n\n  <div class=\"banner has-hover\" id=\"banner-101461516\">\n          <div class=\"banner-inner fill\">\n        <div class=\"banner-bg fill\" >\n            <img loading=\"lazy\" decoding=\"async\" width=\"1920\" height=\"1301\" src=\"https:\/\/neesanctuary.co.uk\/wp-content\/uploads\/2024\/09\/portrait3.jpg\" class=\"bg attachment-original size-original\" alt=\"\" \/>                        <div class=\"overlay\"><\/div>            \n                    <\/div>\n\t\t\n        <div class=\"banner-layers container\">\n            <div class=\"fill banner-link\"><\/div>            \n\n   <div id=\"text-box-1484245030\" class=\"text-box banner-layer x50 md-x50 lg-x50 y50 md-y50 lg-y50 res-text\">\n                                <div class=\"text-box-content text dark\">\n              \n              <div class=\"text-inner text-center\">\n                  \n\n\n              <\/div>\n           <\/div>\n                            \n<style>\n#text-box-1484245030 {\n  width: 60%;\n}\n#text-box-1484245030 .text-box-content {\n  font-size: 100%;\n}\n@media (min-width:550px) {\n  #text-box-1484245030 {\n    width: 60%;\n  }\n}\n<\/style>\n    <\/div>\n \n\n        <\/div>\n      <\/div>\n\n            \n<style>\n#banner-101461516 {\n  padding-top: 100vw;\n}\n#banner-101461516 .overlay {\n  background-color: rgba(0, 0, 0, 0.15);\n}\n#banner-101461516 .banner-bg img {\n  object-position: 50% 19%;\n}\n@media (min-width:550px) {\n  #banner-101461516 {\n    padding-top: 50vw;\n  }\n}\n@media (min-width:850px) {\n  #banner-101461516 {\n    padding-top: 500px;\n  }\n}\n<\/style>\n  <\/div>\n\n\n\n\t\t<\/div>\n\n\t\t\n<style>\n#section_517527014 {\n  padding-top: 0px;\n  padding-bottom: 0px;\n}\n<\/style>\n\t<\/section>\n\t\n\n\t<section class=\"section small-p\" id=\"section_611660576\">\n\t\t<div class=\"section-bg fill\" >\n\t\t\t\t\t\t\t\t\t\n\t\t\t\n\n\t\t<\/div>\n\n\t\t\n\n\t\t<div class=\"section-content relative\">\n\t\t\t\n\n<div class=\"row row-large\"  id=\"row-768415985\">\n\n\n\t<div id=\"col-1661574772\" class=\"col pb--0 medium-12 small-12 large-5\"  >\n\t\t<div class=\"is-sticky-column\"><div class=\"is-sticky-column__inner\">\t\t<div class=\"col-inner\"  >\n\t\t\t\n\t\t\t\n\n\t<div id=\"text-2029391202\" class=\"text max--w-380\">\n\t\t\n\n<h1 class=\"fs-32 fw-bo\">Xwe Refer bikin<\/h1>\n\t\t\t<\/div>\n\t\n<p>Em ji bo peydakirina pi\u015ftevaniya \u00e7\u00eatir\u00een gengaz in. Ji kerema xwe li ser celeb\u00ea pi\u015ftgir\u00eeya ku h\u00fbn l\u00ea digerin hin agahdar\u00ee parve bikin. Xwe\u015fiya we p\u00ea\u015faniya me ya her\u00ee sereke ye, \u00fb hem\u00ee agahdar\u00ee d\u00ea bi nepen\u00ee b\u00eane derman kirin.  <\/p>\n<p>H\u00fbn dikarin bi karan\u00eena v\u00ea forma serh\u00eal xwe bigih\u00eenin Sanctuary an j\u00ee bi <a href=\"tel:+443003309492\">0300 330 9492<\/a> re telefon bikin.<\/p>\n<p style=\"font-weight: 400;\">Gava ku we forma serh\u00eal radest kir, an j\u00ee bi banga me re ser\u00ee li Sanctuary da, t\u00eem\u00ea meya perwerdekir\u00ee d\u00ea di nav 24 demjim\u00earan de li ser jimareya p\u00eawendiy\u00ea ya ku h\u00fbn ji me re peyda dikin bigerin. Ji kerema xwe jimareya ku em \u00ea j\u00ea re telefon bikin hejmareke taybet e. <\/p>\n<p>Ger h\u00fbn t\u00fb\u015f\u00ee <span class=\"fw-bo\">qeyranek tenduristiya der\u00fbn\u00ee<\/span> bibin an ji bo ku h\u00fbn ba\u015f bim\u00eenin hewcey\u00ea <span class=\"fw-bo\">pi\u015ftgir\u00eey\u00ea<\/span> ne, em dikarin <span class=\"fw-bo\">c\u00eehek ewledar, pi\u015ftgir\u00ee<\/span> ji we re peyda bikin.<\/p>\n<p>7 roj\u00ean heftey\u00ea. 365 roj\u00ean sal\u00ea. <\/p>\n<p><em><strong>Ji kerema xwe bala xwe bidin-Em ten\u00ea dikarin pi\u015ftgir\u00ee bidin kes\u00ean ji 18 sal\u00ee mezintir.<\/strong><\/em><\/p>\n\n\t\t<\/div>\n\t\t<\/div><\/div>\t\t\n<style>\n#col-1661574772 > .is-sticky-column > .is-sticky-column__inner > .col-inner {\n  padding: 5% 0px 0px 0px;\n}\n<\/style>\n\t<\/div>\n\n\t\n\n\t<div id=\"col-1531206968\" class=\"col pb--0 medium-12 small-12 large-7\"  >\n\t\t\t\t<div class=\"col-inner text-left\" style=\"background-color:rgb(255,255,255);\" >\n\t\t\t\n\t\t\t\n\n\n<div class=\"wpcf7 no-js\" id=\"wpcf7-f1118-o1\" lang=\"ckb\" dir=\"ltr\" data-wpcf7-id=\"1118\">\n<div class=\"screen-reader-response\"><p role=\"status\" aria-live=\"polite\" aria-atomic=\"true\"><\/p> <ul><\/ul><\/div>\n<form action=\"\/ku\/wp-json\/wp\/v2\/pages\/1059#wpcf7-f1118-o1\" method=\"post\" class=\"wpcf7-form init\" aria-label=\"\u0641\u06c6\u0631\u0645\u06cc \u067e\u06d5\u06cc\u0648\u06d5\u0646\u062f\u06cc\" novalidate=\"novalidate\" data-status=\"init\">\n<fieldset class=\"hidden-fields-container\"><input type=\"hidden\" name=\"_wpcf7\" value=\"1118\" \/><input type=\"hidden\" name=\"_wpcf7_version\" value=\"6.1.5\" \/><input type=\"hidden\" name=\"_wpcf7_locale\" value=\"ckb\" \/><input type=\"hidden\" name=\"_wpcf7_unit_tag\" value=\"wpcf7-f1118-o1\" \/><input type=\"hidden\" name=\"_wpcf7_container_post\" value=\"0\" \/><input type=\"hidden\" name=\"_wpcf7_posted_data_hash\" value=\"\" \/>\n<\/fieldset>\n<div class=\"rd-form light-form\">\n    <h3 class=\"fs-32 fw-bo\">Agahiy\u00ean Kesane<\/h3>\n\n<div class=\"form-block\">\n    <div class=\"form-row\">\n        <label>Nav\u00ea tam <span class=\"c-acc4\">*<\/span><span class=\"wpcf7-form-control-wrap\" data-name=\"fullname\"><input size=\"40\" maxlength=\"400\" class=\"wpcf7-form-control wpcf7-text wpcf7-validates-as-required\" aria-required=\"true\" aria-invalid=\"false\" value=\"\" type=\"text\" name=\"fullname\" \/><\/span><\/label>\n <label>Roja b\u00fby\u00een\u00ea <span class=\"c-acc4\">*<\/span><span class=\"wpcf7-form-control-wrap\" data-name=\"dob\"><input class=\"wpcf7-form-control wpcf7-date wpcf7-validates-as-required wpcf7-validates-as-date\" aria-required=\"true\" aria-invalid=\"false\" placeholder=\"00-00-000\" value=\"\" type=\"date\" name=\"dob\" \/><\/span><\/label>\n    <\/div>\n<\/div>\n\n<div class=\"form-block\">\n    <label>Navn\u00ee\u015fan <span class=\"c-acc4\">*<\/span> <span class=\"wpcf7-form-control-wrap\" data-name=\"address1\"><input size=\"40\" maxlength=\"400\" class=\"wpcf7-form-control wpcf7-text wpcf7-validates-as-required\" aria-required=\"true\" aria-invalid=\"false\" value=\"\" type=\"text\" name=\"address1\" \/><\/span> <\/label>\n    <div class=\"form-row\">\n        <label><span class=\"wpcf7-form-control-wrap\" data-name=\"address2\"><input size=\"40\" maxlength=\"400\" class=\"wpcf7-form-control wpcf7-text\" aria-invalid=\"false\" value=\"\" type=\"text\" name=\"address2\" \/><\/span><\/label>\n        <label class=\"postcode-label\">Koda post\u00ea <span class=\"c-acc4\">*<\/span><span class=\"wpcf7-form-control-wrap\" data-name=\"postcode\"><input size=\"40\" maxlength=\"400\" class=\"wpcf7-form-control wpcf7-text wpcf7-validates-as-required\" aria-required=\"true\" aria-invalid=\"false\" value=\"\" type=\"text\" name=\"postcode\" \/><\/span><\/label>\n    <\/div>\n<\/div>\n\n<div class=\"form-block\">\n    <div class=\"form-row\">\n        <label>Hejmara t\u00eakiliy\u00ea <span class=\"c-acc4\">*<\/span><span class=\"wpcf7-form-control-wrap\" data-name=\"tel\"><input size=\"40\" maxlength=\"400\" class=\"wpcf7-form-control wpcf7-tel wpcf7-validates-as-required wpcf7-text wpcf7-validates-as-tel\" aria-required=\"true\" aria-invalid=\"false\" value=\"\" type=\"tel\" name=\"tel\" \/><\/span><\/label>\n <label>Navn\u00ee\u015fana email\u00ea <span class=\"c-acc4\">*<\/span><span class=\"wpcf7-form-control-wrap\" data-name=\"email\"><input size=\"40\" maxlength=\"400\" class=\"wpcf7-form-control wpcf7-email wpcf7-validates-as-required wpcf7-text wpcf7-validates-as-email\" aria-required=\"true\" aria-invalid=\"false\" value=\"\" type=\"email\" name=\"email\" \/><\/span><\/label> \n    <\/div>\n<\/div>\n\n<div class=\"form-block\">\n    <div class=\"form-row\">\n        <label>Nav\u00ea T\u00eakiliya Lezg\u00een <span class=\"c-acc4\">*<\/span><span class=\"wpcf7-form-control-wrap\" data-name=\"emergency-name\"><input size=\"40\" maxlength=\"400\" class=\"wpcf7-form-control wpcf7-text wpcf7-validates-as-required\" aria-required=\"true\" aria-invalid=\"false\" value=\"\" type=\"text\" name=\"emergency-name\" \/><\/span><\/label>\n <label>Hejmara T\u00eakiliya Acil\u00ea <span class=\"c-acc4\">*<\/span><span class=\"wpcf7-form-control-wrap\" data-name=\"emergency-num\"><input size=\"40\" maxlength=\"400\" class=\"wpcf7-form-control wpcf7-tel wpcf7-validates-as-required wpcf7-text wpcf7-validates-as-tel\" aria-required=\"true\" aria-invalid=\"false\" value=\"\" type=\"tel\" name=\"emergency-num\" \/><\/span><\/label> \n    <\/div>\n<\/div>\n\n<p><small>Em agahdariya p\u00eawendiya ac\u00eel ten\u00ea berhev dikin da ku bikar b\u00eenin heke em ji ewlehiya we bi fikar in.<\/small><\/p>\n\n<div class=\"form-block small-textarea\">\n    <p class=\"fw-bo mb--10\">Em \u00c7awa Dikarin Al\u00eekar\u00ee Bikin?<\/p>\n    <label>Ji kerema xwe ji me re li ser pi\u015ftgir\u00eeya ku h\u00fbn l\u00ea digerin an j\u00ee ti\u015ft\u00ea ku h\u00fbn h\u00eav\u00ee dikin ku h\u00fbn ji karan\u00eena kar\u00fbbar\u00ea me bi dest bixin ji me re bib\u00eajin <span class=\"c-acc4\">*<\/span><\/label>\n    <span class=\"wpcf7-form-control-wrap\" data-name=\"support\"><textarea cols=\"40\" rows=\"10\" maxlength=\"2000\" class=\"wpcf7-form-control wpcf7-textarea wpcf7-validates-as-required\" aria-required=\"true\" aria-invalid=\"false\" name=\"support\"><\/textarea><\/span>\n    <label>H\u00fbn niha bi \u00e7i re t\u00eadiko\u015fin an j\u00ee her\u00ee z\u00eade \u00e7i dihese? <span class=\"c-acc4\">*<\/span><\/label>\n    <span class=\"wpcf7-form-control-wrap\" data-name=\"current-struggles\"><textarea cols=\"40\" rows=\"10\" maxlength=\"2000\" class=\"wpcf7-form-control wpcf7-textarea wpcf7-validates-as-required\" aria-required=\"true\" aria-invalid=\"false\" name=\"current-struggles\"><\/textarea><\/span>\n    <label>Van dijwariyan niha bandorek \u00e7awa li jiyana weya rojane dikin? <span class=\"c-acc4\">*<\/span><\/label>\n    <span class=\"wpcf7-form-control-wrap\" data-name=\"daily-challenges\"><textarea cols=\"40\" rows=\"10\" maxlength=\"2000\" class=\"wpcf7-form-control wpcf7-textarea wpcf7-validates-as-required\" aria-required=\"true\" aria-invalid=\"false\" name=\"daily-challenges\"><\/textarea><\/span>\n<\/div>\n\n<div class=\"form-block small-textarea\">\n    <p class=\"fw-bo mb--10\">P\u00eadiviy\u00ean Pi\u015ftgiriy\u00ea<\/p>\n    <label>\u00c7i pi\u015ftgir\u00eeya we niha heye?  <i>(hem\u00fb y\u00ean ku derbas dibin bitik\u00eenin):<\/i><\/label>\n    <span class=\"wpcf7-form-control-wrap\" data-name=\"current-support\"><span class=\"wpcf7-form-control wpcf7-checkbox\"><span class=\"wpcf7-list-item first\"><label><input type=\"checkbox\" name=\"current-support[]\" value=\"Heval an Malbat\" \/><span class=\"wpcf7-list-item-label\">Heval an Malbat<\/span><\/label><\/span><span class=\"wpcf7-list-item\"><label><input type=\"checkbox\" name=\"current-support[]\" value=\"R\u00eaxistin\u00ean Civak\u00ee\" \/><span class=\"wpcf7-list-item-label\">R\u00eaxistin\u00ean Civak\u00ee<\/span><\/label><\/span><span class=\"wpcf7-list-item\"><label><input type=\"checkbox\" name=\"current-support[]\" value=\"Xizmet\u00ean Tenduristiya Der\u00fbn\u00ee\" \/><span class=\"wpcf7-list-item-label\">Xizmet\u00ean Tenduristiya Der\u00fbn\u00ee<\/span><\/label><\/span><span class=\"wpcf7-list-item\"><label><input type=\"checkbox\" name=\"current-support[]\" value=\"Xizmet\u00ean L\u00ean\u00ear\u00eena Civak\u00ee\" \/><span class=\"wpcf7-list-item-label\">Xizmet\u00ean L\u00ean\u00ear\u00eena Civak\u00ee<\/span><\/label><\/span><span class=\"wpcf7-list-item last\"><label><input type=\"checkbox\" name=\"current-support[]\" value=\"Y\u00ean din (ji kerema xwe diyar bikin):\" \/><span class=\"wpcf7-list-item-label\">Y\u00ean din (ji kerema xwe diyar bikin):<\/span><\/label><\/span><\/span><\/span>\n    <label class=\"mt--15\">Pi\u015ftgiriya ku h\u00fbn niha dist\u00eenin al\u00eekar e?<\/label>\n    <span class=\"wpcf7-form-control-wrap\" data-name=\"current-support-helpful\"><textarea cols=\"40\" rows=\"10\" maxlength=\"2000\" class=\"wpcf7-form-control wpcf7-textarea\" aria-invalid=\"false\" name=\"current-support-helpful\"><\/textarea><\/span>\n    <label>Ma h\u00fbn ji kar\u00fbbar\u00ean taybet\u00ee y\u00ean din pi\u015ftgir\u00ee dixwazin?<\/label>\n    <span class=\"wpcf7-form-control-wrap\" data-name=\"support-other-services\"><textarea cols=\"40\" rows=\"10\" maxlength=\"2000\" class=\"wpcf7-form-control wpcf7-textarea\" aria-invalid=\"false\" name=\"support-other-services\"><\/textarea><\/span>\n<\/div>\n\n<div class=\"form-block small-textarea\">\n    <p class=\"fw-bo mb--10\">Mobility Needs<\/p>\n    <p>Ma hewcedariy\u00ean we y\u00ean seferberiy\u00ea hene an hewcey\u00ea al\u00eekariy\u00ea ne? <span class=\"c-acc4\">*<\/span><\/p>\n    <div class=\"form-stack mb--0\">\n        <span class=\"wpcf7-form-control-wrap\" data-name=\"mobility-needs\"><span class=\"wpcf7-form-control wpcf7-radio\"><span class=\"wpcf7-list-item first\"><label><input type=\"radio\" name=\"mobility-needs\" value=\"Er\u00ea\" \/><span class=\"wpcf7-list-item-label\">Er\u00ea<\/span><\/label><\/span><span class=\"wpcf7-list-item last\"><label><input type=\"radio\" name=\"mobility-needs\" value=\"Na\" \/><span class=\"wpcf7-list-item-label\">Na<\/span><\/label><\/span><\/span><\/span>\n    <\/div>\n    <label class=\"\"><i>Ger er\u00ea, ji kerema xwe diyar bikin:<\/i><\/label>\n    <span class=\"wpcf7-form-control-wrap\" data-name=\"mobility-needs-description\"><textarea cols=\"40\" rows=\"10\" maxlength=\"2000\" class=\"wpcf7-form-control wpcf7-textarea\" aria-invalid=\"false\" name=\"mobility-needs-description\"><\/textarea><\/span>\n<\/div>\n\n<div class=\"form-block small-textarea\">\n    <p class=\"fw-bo mb--10\">Keeping Safe<\/p>\n    <p>Di van dem\u00ean daw\u00ee de fikr\u00ean we y\u00ean xwe-ziyan\u00ea an xweku\u015ftin\u00ea heb\u00fbn? <span class=\"c-acc4\">*<\/span><\/p>\n    <div class=\"form-stack mb--0\">\n        <span class=\"wpcf7-form-control-wrap\" data-name=\"self-harm\"><span class=\"wpcf7-form-control wpcf7-radio\"><span class=\"wpcf7-list-item first\"><label><input type=\"radio\" name=\"self-harm\" value=\"Er\u00ea\" \/><span class=\"wpcf7-list-item-label\">Er\u00ea<\/span><\/label><\/span><span class=\"wpcf7-list-item last\"><label><input type=\"radio\" name=\"self-harm\" value=\"Na\" \/><span class=\"wpcf7-list-item-label\">Na<\/span><\/label><\/span><\/span><\/span>\n    <\/div>\n    <label class=\"mb--20\"><i>Ger er\u00ea, ji kerema xwe b\u00eatir ji me re b\u00eaje:<\/i><\/label>\n    <span class=\"wpcf7-form-control-wrap\" data-name=\"self-harm-description\"><textarea cols=\"40\" rows=\"10\" maxlength=\"2000\" class=\"wpcf7-form-control wpcf7-textarea\" aria-invalid=\"false\" name=\"self-harm-description\"><\/textarea><\/span>\n\n    <p>Ger h\u00fbn rehet in, h\u00fbn dikarin ji me re bib\u00eajin ka we planek \u00e7\u00eakiriye ku h\u00fbn li gor\u00ee wan ramanan tevbigerin? <span class=\"c-acc4\">*<\/span><\/p>\n    <div class=\"form-stack mb--0\">\n        <span class=\"wpcf7-form-control-wrap\" data-name=\"plans-to-act\"><span class=\"wpcf7-form-control wpcf7-radio\"><span class=\"wpcf7-list-item first\"><label><input type=\"radio\" name=\"plans-to-act\" value=\"Er\u00ea\" \/><span class=\"wpcf7-list-item-label\">Er\u00ea<\/span><\/label><\/span><span class=\"wpcf7-list-item last\"><label><input type=\"radio\" name=\"plans-to-act\" value=\"Na\" \/><span class=\"wpcf7-list-item-label\">Na<\/span><\/label><\/span><\/span><\/span>\n    <\/div>\n    <label class=\"mb--20\"><i>Ger er\u00ea, ji kerema xwe b\u00eatir ji me re b\u00eaje - H\u00fbn niha al\u00eekariy\u00ea heq dikin, heke h\u00fbn xwe di xetereya tavil\u00ea de h\u00ees bikin w\u00ea hing\u00ea ji kerema xwe telefon bikin <strong>999 an 111 vebijarka 2<\/strong><\/i><\/label>\n    <span class=\"wpcf7-form-control-wrap\" data-name=\"plans-to-act-description\"><textarea cols=\"40\" rows=\"10\" maxlength=\"2000\" class=\"wpcf7-form-control wpcf7-textarea\" aria-invalid=\"false\" name=\"plans-to-act-description\"><\/textarea><\/span>\n<\/div>\n\n<div class=\"form-block small-textarea\">\n    <p class=\"fw-bo mb--10\">Stratejiy\u00ean T\u00eako\u015f\u00een\u00ea<\/p>\n    <label>H\u00fbn bi gelemper\u00ee \u00e7i dikin ku ji bo bir\u00eavebirina hest\u00ean xwe gava ku h\u00fbn bi stres an dilteng in?<\/label>\n    <span class=\"wpcf7-form-control-wrap\" data-name=\"manage-emotions\"><textarea cols=\"40\" rows=\"10\" maxlength=\"2000\" class=\"wpcf7-form-control wpcf7-textarea\" aria-invalid=\"false\" placeholder=\"M\u00eenak, bi hevalan re axaftin, \u00e7\u00fbna me\u015f\u00ea, guhdar\u00eekirina muz\u00eek\u00ea, nefesa k\u00fbr\" name=\"manage-emotions\"><\/textarea><\/span>\n<\/div>\n\n<div class=\"form-block\">\n    <p class=\"fw-bo mb--10\">Agahiya Demograf\u00eek<\/p>\n    <p class=\"mb--15\">Em v\u00ea agahiy\u00ea berhev dikin da ku p\u00ea ewle bin ku kar\u00fbbar\u00ean me ji hem\u00ee koman re bigih\u00eejin \u00fb hewcedariy\u00ean civaka meya cih\u00eareng bic\u00eeh b\u00eenin.<\/p>\n    <div class=\"form-row\">\n        <label>Zayenda <span class=\"c-acc4\">*<\/span><span class=\"wpcf7-form-control-wrap\" data-name=\"gender\"><select class=\"wpcf7-form-control wpcf7-select wpcf7-validates-as-required\" aria-required=\"true\" aria-invalid=\"false\" name=\"gender\"><option value=\"N\u00ear\u00ee\">N\u00ear\u00ee<\/option><option value=\"M\u00ea\">M\u00ea<\/option><option value=\"Ne-Binary\">Ne-Binary<\/option><option value=\"Neb\u00eajin terc\u00eeh dikin\">Neb\u00eajin terc\u00eeh dikin<\/option><\/select><\/span><\/label>\n        <label>Etn\u00ees\u00eete <span class=\"c-acc4\">*<\/span><span class=\"wpcf7-form-control-wrap\" data-name=\"ethnicity\"><select class=\"wpcf7-form-control wpcf7-select wpcf7-validates-as-required\" aria-required=\"true\" aria-invalid=\"false\" name=\"ethnicity\"><option value=\"Br\u00eetan\u00ee\">Br\u00eetan\u00ee<\/option><option value=\"Sp\u00ee \u00fb Re\u015f Karibik\">Sp\u00ee \u00fb Re\u015f Karibik<\/option><option value=\"Her pa\u015fxaneyek din a tevlihev\">Her pa\u015fxaneyek din a tevlihev<\/option><option value=\"Irland\u00ee\">Irland\u00ee<\/option><option value=\"\u00c7\u00een\u00ee\">\u00c7\u00een\u00ee<\/option><option value=\"Her pa\u015fnavek sp\u00ee ya din\">Her pa\u015fnavek sp\u00ee ya din<\/option><option value=\"Her pa\u015fnavek Re\u015f a din\">Her pa\u015fnavek Re\u015f a din<\/option><option value=\"efr\u00eekan\u00ee\">efr\u00eekan\u00ee<\/option><option value=\"Karibik\">Karibik<\/option><option value=\"Her pa\u015fnavek din a Asyay\u00ee\">Her pa\u015fnavek din a Asyay\u00ee<\/option><option value=\"Bangladeshi\">Bangladeshi<\/option><option value=\"Pakistan\u00ee\">Pakistan\u00ee<\/option><option value=\"\u00eend\u00eeyan\">\u00eend\u00eeyan<\/option><\/select><\/span><\/label>\n    <\/div>\n<\/div>\n\n<div class=\"form-block\">\n<label><span class=\"wpcf7-form-control-wrap\" data-name=\"gdpr-acceptance\"><span class=\"wpcf7-form-control wpcf7-acceptance\"><span class=\"wpcf7-list-item\"><input type=\"checkbox\" name=\"gdpr-acceptance\" value=\"1\" aria-invalid=\"false\" \/><\/span><\/span><\/span>  Ez dest\u00fbr\u00ea didim Mid \u00fb NE Essex Mind ku daney\u00ean min hil\u00eenin (Em b\u00eay\u00ee v\u00ea dest\u00fbr\u00ea nekarin bime\u015fin). H\u00fbn dikarin <a href=\"\" download=\"\">li vir<\/a> danezana nepen\u00eetiya GDPR bib\u00eenin. <\/label>\n<\/div>\n\n<p class=\"ta--c\"><small>Em naha ji bo gih\u00ee\u015ftina Kar\u00fbbar\u00ea Sanctuary ya Bakur-Rojhilat\u00ea Essex serl\u00eadana we dist\u00eenin.\n\n Serl\u00eadana we t\u00ea p\u00eavajo kirin \u00fb em \u00ea di demek n\u00eaz\u00eek de bikevin t\u00eakiliy\u00ea da ku heb\u00fbna randev\u00fby\u00ea pi\u015ftrast bikin.\n\n Ger pirs\u00ean we hebin ji kerema xwe bi T\u00eema R\u00eavebiriya Referral re t\u00eakil\u00ee daynin<a href=\"tel:+441206 764600\"> 01206 764600\n<\/small><\/p>\n\n\n<div class=\"submit-container\">\n<input class=\"wpcf7-form-control wpcf7-submit has-spinner\" type=\"submit\" value=\"Submit self-referral form\" \/>\n<\/div>\n\n<\/div><div class=\"wpcf7-response-output\" aria-hidden=\"true\"><\/div>\n<\/form>\n<\/div>\n\n\n\n\t\t<\/div>\n\t\t\t\t\n<style>\n#col-1531206968 > .col-inner {\n  padding: 5% 5% 5% 5%;\n  border-radius: 20px;\n}\n<\/style>\n\t<\/div>\n\n\t\n\n<\/div>\n\n\t\t<\/div>\n\n\t\t\n<style>\n#section_611660576 {\n  padding-top: 30px;\n  padding-bottom: 30px;\n  background-color: #8bc3b9;\n}\n<\/style>\n\t<\/section>\n\t\n\n\t<section class=\"section small-p\" id=\"section_766780074\">\n\t\t<div class=\"section-bg fill\" >\n\t\t\t\t\t\t\t\t\t\n\t\t\t\n\n\t\t<\/div>\n\n\t\t\n\n\t\t<div class=\"section-content relative\">\n\t\t\t\n\n<div class=\"row\"  id=\"row-1220218698\">\n\n\n\t<div id=\"col-1639596123\" class=\"col pb--0 small-12 large-12\"  >\n\t\t\t\t<div class=\"col-inner\"  >\n\t\t\t\n\t\t\t\n\n\n  <div class=\"banner has-hover\" id=\"banner-1760563832\">\n          <div class=\"banner-inner fill\">\n        <div class=\"banner-bg fill\" >\n            <img loading=\"lazy\" decoding=\"async\" width=\"1920\" height=\"1080\" src=\"https:\/\/neesanctuary.co.uk\/wp-content\/uploads\/2024\/09\/North-East-Essex-Sanctuary.webp\" class=\"bg attachment-original size-original\" alt=\"North East Essex Sanctuary\" \/>                        <div class=\"overlay\"><\/div>            \n                    <\/div>\n\t\t\n        <div class=\"banner-layers container\">\n            <div class=\"fill banner-link\"><\/div>            \n\n   <div id=\"text-box-865122362\" class=\"text-box banner-layer max--w-700 max--w-center x50 md-x50 lg-x50 y50 md-y50 lg-y50 res-text\">\n                                <div class=\"text-box-content text dark\">\n              \n              <div class=\"text-inner text-center\">\n                  \n\n\t<div id=\"gap-184346356\" class=\"gap-element clearfix\" style=\"display:block; height:auto;\">\n\t\t\n<style>\n#gap-184346356 {\n  padding-top: 60px;\n}\n<\/style>\n\t<\/div>\n\t\n\n<a href=\"https:\/\/neesanctuary.co.uk\/ku\/tekili-bike\/\" class=\"button primary max--w-700 max--w-center\"  style=\"border-radius:99px;\">\n\t\t<span>\u00cero bi Sanctuary re t\u00eakil\u00ee daynin.<\/span>\n\t<\/a>\n\n\n\n              <\/div>\n           <\/div>\n                            \n<style>\n#text-box-865122362 {\n  width: 100%;\n}\n#text-box-865122362 .text-box-content {\n  font-size: 100%;\n}\n<\/style>\n    <\/div>\n \n\n        <\/div>\n      <\/div>\n\n            \n<style>\n#banner-1760563832 {\n  padding-top: 290px;\n}\n#banner-1760563832 .overlay {\n  background-color: rgba(0, 0, 0, 0.3);\n}\n#banner-1760563832 .banner-bg img {\n  object-position: 55% 21%;\n}\n<\/style>\n  <\/div>\n\n\n\n\t\t<\/div>\n\t\t\t\t\t<\/div>\n\n\t\n\n<\/div>\n\n\n\t\t<\/div>\n\n\t\t\n<style>\n#section_766780074 {\n  padding-top: 30px;\n  padding-bottom: 30px;\n  background-color: rgb(232, 243, 241);\n}\n<\/style>\n\t<\/section>\n\t\n\n","protected":false},"excerpt":{"rendered":"","protected":false},"author":1,"featured_media":0,"parent":0,"menu_order":0,"comment_status":"closed","ping_status":"closed","template":"page-blank.php","meta":{"footnotes":""},"class_list":["post-1059","page","type-page","status-publish","hentry"],"acf":[],"_links":{"self":[{"href":"https:\/\/neesanctuary.co.uk\/ku\/wp-json\/wp\/v2\/pages\/1059","targetHints":{"allow":["GET"]}}],"collection":[{"href":"https:\/\/neesanctuary.co.uk\/ku\/wp-json\/wp\/v2\/pages"}],"about":[{"href":"https:\/\/neesanctuary.co.uk\/ku\/wp-json\/wp\/v2\/types\/page"}],"author":[{"embeddable":true,"href":"https:\/\/neesanctuary.co.uk\/ku\/wp-json\/wp\/v2\/users\/1"}],"replies":[{"embeddable":true,"href":"https:\/\/neesanctuary.co.uk\/ku\/wp-json\/wp\/v2\/comments?post=1059"}],"version-history":[{"count":3,"href":"https:\/\/neesanctuary.co.uk\/ku\/wp-json\/wp\/v2\/pages\/1059\/revisions"}],"predecessor-version":[{"id":1684,"href":"https:\/\/neesanctuary.co.uk\/ku\/wp-json\/wp\/v2\/pages\/1059\/revisions\/1684"}],"wp:attachment":[{"href":"https:\/\/neesanctuary.co.uk\/ku\/wp-json\/wp\/v2\/media?parent=1059"}],"curies":[{"name":"wp","href":"https:\/\/api.w.org\/{rel}","templated":true}]}}